{"id":1292,"date":"2018-10-25T15:26:09","date_gmt":"2018-10-25T15:26:09","guid":{"rendered":"http:\/\/wordpress-89239-751427.cloudwaysapps.com\/?page_id=1292"},"modified":"2025-03-25T10:40:01","modified_gmt":"2025-03-25T10:40:01","slug":"about-homey","status":"publish","type":"page","link":"https:\/\/livingpdl.pt\/de\/about-homey\/","title":{"rendered":"About Homey"},"content":{"rendered":"<p>[vc_row css=&#8221;.vc_custom_1540484653733{margin-bottom: 30px !important;padding-right: 30px !important;padding-left: 30px !important;background-color: #ffffff !important;}&#8221;][vc_column]\t\t<div class=\"homey-module module-title section-title-module text-left \">\r\n\t\t\t<h2 >\u00dcber uns<\/h2>\r\n\r\n\t\t\t<p  class=\"sub-heading\"><\/p>\r\n\t\t<\/div>\r\n\t\t[vc_empty_space][vc_row_inner][vc_column_inner width=&#8221;1\/2&#8243;][vc_column_text]<\/p>\n<p align=\"justify\"><span style=\"font-family: Verdana, serif;\"><span style=\"font-size: small;\">Stammend aus zwei Familien, die immer die Kunst der Gastfreundschaft gepflegt haben, streben ihre Gastgeber, Luz und Vasco, danach, diese jahrhundertealte azoreanische Tradition zu ehren, indem sie ihren G\u00e4sten alles bieten, was ihren Aufenthalt in S\u00e3o Miguel unvergesslich machen kann. Informationen dar\u00fcber, was man besuchen, unternehmen, kaufen und wo man essen kann \u2013 wir werden alles tun, um Ihnen die besten Vorschl\u00e4ge zu unterbreiten, die auf Ihre W\u00fcnsche zugeschnitten sind, ob Sie nun einen abenteuerlichen oder einen ruhigeren Urlaub suchen. Lassen Sie sich verw\u00f6hnen!<\/span><\/span><\/p>\n<p>[\/vc_column_text][\/vc_column_inner][vc_column_inner width=&#8221;1\/2&#8243;][vc_single_image image=&#8221;2831&#8243; img_size=&#8221;large&#8221;][\/vc_column_inner][\/vc_row_inner][\/vc_column][\/vc_row][vc_row disable_element=&#8221;yes&#8221; css=&#8221;.vc_custom_1740410582465{margin-bottom: 30px !important;padding-right: 30px !important;padding-left: 30px !important;background-color: #ffffff !important;}&#8221;][vc_column]\t\t<div class=\"homey-module module-title section-title-module text-left \">\r\n\t\t\t<h2 >Our Team<\/h2>\r\n\r\n\t\t\t<p  class=\"sub-heading\"><\/p>\r\n\t\t<\/div>\r\n\t\t<div style=\"clear:both; width:100%; height:20px\"><\/div>[vc_row_inner equal_height=&#8221;yes&#8221;][vc_column_inner width=&#8221;1\/3&#8243;]\t\t<div class=\"item-promo\">\r\n\t\t\t<div class=\"media\">\r\n\t\t\t\t\t\t\t\t<div class=\"item-promo-image\">\r\n\t\t\t\t\t<div class=\"item-media item-media-thumb\">\r\n\t\t\t\t\t\t<a href=\"\">\r\n\t\t\t\t\t\t\t\t\t\t\t\t\t<\/a>\r\n\t\t\t\t\t<\/div>\r\n\t\t\t\t<\/div>\r\n\t\t\t\t\t\t\t\t<div class=\"media-body item-body\">\r\n\t\t\t\t\t<div class=\"item-title-head\">\r\n\t\t\t\t\t\t<div class=\"text-left\">\r\n\t\t\t\t\t\t\t<h2 class=\"title\">\r\n\t\t\t\t\t\t\t\t<a href=\"\">Quality<\/a>\r\n\t\t\t\t\t\t\t<\/h2>\r\n\t\t\t\t\t\t\t<\/p>\n<div class=\"elementor-column elementor-col-33 elementor-inner-column elementor-element elementor-element-7742097\" data-id=\"7742097\" data-element_type=\"column\">\n<div class=\"elementor-column-wrap elementor-element-populated\">\n<div class=\"elementor-widget-wrap\">\n<div class=\"elementor-element elementor-element-fdcf6f3 elementor-widget elementor-widget-text-editor\" data-id=\"fdcf6f3\" data-element_type=\"widget\" data-widget_type=\"text-editor.default\">\n<div class=\"elementor-widget-container\">\n<div class=\"elementor-text-editor elementor-clearfix\">\n<p>Lorem ipsum dolor sit amet, consectetur adipiscing elit. Quisque quis ligula eu lectus vulputate porttitor sed feugiat nunc. Mauris ac consectetur ante, dapibus gravida tellus. Nullam aliquet eleifend dapibus.<\/p>\n<\/div>\n<\/div>\n<\/div>\n<\/div>\n<\/div>\n<\/div>\n<p>\t\t\t\t\t\t<\/div>\r\n\t\t\t\t\t<\/div>\r\n\t\t\t\t\t\t\t\t\t<\/div>\r\n\t\t\t<\/div>\r\n\t\t<\/div>\r\n\r\n\t\t[\/vc_column_inner][vc_column_inner width=&#8221;1\/3&#8243;]\t\t<div class=\"item-promo\">\r\n\t\t\t<div class=\"media\">\r\n\t\t\t\t\t\t\t\t<div class=\"item-promo-image\">\r\n\t\t\t\t\t<div class=\"item-media item-media-thumb\">\r\n\t\t\t\t\t\t<a href=\"\">\r\n\t\t\t\t\t\t\t\t\t\t\t\t\t<\/a>\r\n\t\t\t\t\t<\/div>\r\n\t\t\t\t<\/div>\r\n\t\t\t\t\t\t\t\t<div class=\"media-body item-body\">\r\n\t\t\t\t\t<div class=\"item-title-head\">\r\n\t\t\t\t\t\t<div class=\"text-left\">\r\n\t\t\t\t\t\t\t<h2 class=\"title\">\r\n\t\t\t\t\t\t\t\t<a href=\"\">Teamwork<\/a>\r\n\t\t\t\t\t\t\t<\/h2>\r\n\t\t\t\t\t\t\t<\/p>\n<div class=\"elementor-column elementor-col-33 elementor-inner-column elementor-element elementor-element-7742097\" data-id=\"7742097\" data-element_type=\"column\">\n<div class=\"elementor-column-wrap elementor-element-populated\">\n<div class=\"elementor-widget-wrap\">\n<div class=\"elementor-element elementor-element-fdcf6f3 elementor-widget elementor-widget-text-editor\" data-id=\"fdcf6f3\" data-element_type=\"widget\" data-widget_type=\"text-editor.default\">\n<div class=\"elementor-widget-container\">\n<div class=\"elementor-text-editor elementor-clearfix\">\n<p>Lorem ipsum dolor sit amet, consectetur adipiscing elit. Quisque quis ligula eu lectus vulputate porttitor sed feugiat nunc. Mauris ac consectetur ante, dapibus gravida tellus. Nullam aliquet eleifend dapibus.<\/p>\n<\/div>\n<\/div>\n<\/div>\n<\/div>\n<\/div>\n<\/div>\n<p>\t\t\t\t\t\t<\/div>\r\n\t\t\t\t\t<\/div>\r\n\t\t\t\t\t\t\t\t\t<\/div>\r\n\t\t\t<\/div>\r\n\t\t<\/div>\r\n\r\n\t\t[\/vc_column_inner][vc_column_inner width=&#8221;1\/3&#8243;]\t\t<div class=\"item-promo\">\r\n\t\t\t<div class=\"media\">\r\n\t\t\t\t\t\t\t\t<div class=\"item-promo-image\">\r\n\t\t\t\t\t<div class=\"item-media item-media-thumb\">\r\n\t\t\t\t\t\t<a href=\"\">\r\n\t\t\t\t\t\t\t\t\t\t\t\t\t<\/a>\r\n\t\t\t\t\t<\/div>\r\n\t\t\t\t<\/div>\r\n\t\t\t\t\t\t\t\t<div class=\"media-body item-body\">\r\n\t\t\t\t\t<div class=\"item-title-head\">\r\n\t\t\t\t\t\t<div class=\"text-left\">\r\n\t\t\t\t\t\t\t<h2 class=\"title\">\r\n\t\t\t\t\t\t\t\t<a href=\"\">Respect<\/a>\r\n\t\t\t\t\t\t\t<\/h2>\r\n\t\t\t\t\t\t\t<\/p>\n<div class=\"elementor-column elementor-col-33 elementor-inner-column elementor-element elementor-element-7742097\" data-id=\"7742097\" data-element_type=\"column\">\n<div class=\"elementor-column-wrap elementor-element-populated\">\n<div class=\"elementor-widget-wrap\">\n<div class=\"elementor-element elementor-element-fdcf6f3 elementor-widget elementor-widget-text-editor\" data-id=\"fdcf6f3\" data-element_type=\"widget\" data-widget_type=\"text-editor.default\">\n<div class=\"elementor-widget-container\">\n<div class=\"elementor-text-editor elementor-clearfix\">\n<p>Lorem ipsum dolor sit amet, consectetur adipiscing elit. Quisque quis ligula eu lectus vulputate porttitor sed feugiat nunc. Mauris ac consectetur ante, dapibus gravida tellus. Nullam aliquet eleifend dapibus.<\/p>\n<\/div>\n<\/div>\n<\/div>\n<\/div>\n<\/div>\n<\/div>\n<p>\t\t\t\t\t\t<\/div>\r\n\t\t\t\t\t<\/div>\r\n\t\t\t\t\t\t\t\t\t<\/div>\r\n\t\t\t<\/div>\r\n\t\t<\/div>\r\n\r\n\t\t[\/vc_column_inner][\/vc_row_inner][vc_row_inner equal_height=&#8221;yes&#8221;][vc_column_inner width=&#8221;1\/3&#8243;]\t\t<div class=\"item-promo\">\r\n\t\t\t<div class=\"media\">\r\n\t\t\t\t\t\t\t\t<div class=\"item-promo-image\">\r\n\t\t\t\t\t<div class=\"item-media item-media-thumb\">\r\n\t\t\t\t\t\t<a href=\"\">\r\n\t\t\t\t\t\t\t<img loading=\"lazy\" decoding=\"async\" width=\"750\" height=\"500\" src=\"https:\/\/livingpdl.pt\/wp-content\/uploads\/2018\/10\/33-750x500-1.jpg\" class=\"img-responsive\" alt=\"\" srcset=\"https:\/\/livingpdl.pt\/wp-content\/uploads\/2018\/10\/33-750x500-1.jpg 750w, https:\/\/livingpdl.pt\/wp-content\/uploads\/2018\/10\/33-750x500-1-300x200.jpg 300w, https:\/\/livingpdl.pt\/wp-content\/uploads\/2018\/10\/33-750x500-1-450x300.jpg 450w, https:\/\/livingpdl.pt\/wp-content\/uploads\/2018\/10\/33-750x500-1-120x80.jpg 120w\" sizes=\"(max-width: 750px) 100vw, 750px\" \/>\t\t\t\t\t\t<\/a>\r\n\t\t\t\t\t<\/div>\r\n\t\t\t\t<\/div>\r\n\t\t\t\t\t\t\t\t<div class=\"media-body item-body\">\r\n\t\t\t\t\t<div class=\"item-title-head\">\r\n\t\t\t\t\t\t<div class=\"text-left\">\r\n\t\t\t\t\t\t\t<h2 class=\"title\">\r\n\t\t\t\t\t\t\t\t<a href=\"\">Integrity<\/a>\r\n\t\t\t\t\t\t\t<\/h2>\r\n\t\t\t\t\t\t\t<\/p>\n<div class=\"elementor-column elementor-col-33 elementor-inner-column elementor-element elementor-element-7742097\" data-id=\"7742097\" data-element_type=\"column\">\n<div class=\"elementor-column-wrap elementor-element-populated\">\n<div class=\"elementor-widget-wrap\">\n<div class=\"elementor-element elementor-element-fdcf6f3 elementor-widget elementor-widget-text-editor\" data-id=\"fdcf6f3\" data-element_type=\"widget\" data-widget_type=\"text-editor.default\">\n<div class=\"elementor-widget-container\">\n<div class=\"elementor-text-editor elementor-clearfix\">\n<p>Lorem ipsum dolor sit amet, consectetur adipiscing elit. Quisque quis ligula eu lectus vulputate porttitor sed feugiat nunc. Mauris ac consectetur ante, dapibus gravida tellus. Nullam aliquet eleifend dapibus.<\/p>\n<\/div>\n<\/div>\n<\/div>\n<\/div>\n<\/div>\n<\/div>\n<p>\t\t\t\t\t\t<\/div>\r\n\t\t\t\t\t<\/div>\r\n\t\t\t\t\t\t\t\t\t<\/div>\r\n\t\t\t<\/div>\r\n\t\t<\/div>\r\n\r\n\t\t[\/vc_column_inner][vc_column_inner width=&#8221;1\/3&#8243;]\t\t<div class=\"item-promo\">\r\n\t\t\t<div class=\"media\">\r\n\t\t\t\t\t\t\t\t<div class=\"item-promo-image\">\r\n\t\t\t\t\t<div class=\"item-media item-media-thumb\">\r\n\t\t\t\t\t\t<a href=\"\">\r\n\t\t\t\t\t\t\t<img loading=\"lazy\" decoding=\"async\" width=\"889\" height=\"500\" src=\"https:\/\/livingpdl.pt\/wp-content\/uploads\/2018\/10\/02-2-889x500-1.jpg\" class=\"img-responsive\" alt=\"\" srcset=\"https:\/\/livingpdl.pt\/wp-content\/uploads\/2018\/10\/02-2-889x500-1.jpg 889w, https:\/\/livingpdl.pt\/wp-content\/uploads\/2018\/10\/02-2-889x500-1-300x169.jpg 300w, https:\/\/livingpdl.pt\/wp-content\/uploads\/2018\/10\/02-2-889x500-1-768x432.jpg 768w\" sizes=\"(max-width: 889px) 100vw, 889px\" \/>\t\t\t\t\t\t<\/a>\r\n\t\t\t\t\t<\/div>\r\n\t\t\t\t<\/div>\r\n\t\t\t\t\t\t\t\t<div class=\"media-body item-body\">\r\n\t\t\t\t\t<div class=\"item-title-head\">\r\n\t\t\t\t\t\t<div class=\"text-left\">\r\n\t\t\t\t\t\t\t<h2 class=\"title\">\r\n\t\t\t\t\t\t\t\t<a href=\"\">Responsibility<\/a>\r\n\t\t\t\t\t\t\t<\/h2>\r\n\t\t\t\t\t\t\t<\/p>\n<div class=\"elementor-column elementor-col-33 elementor-inner-column elementor-element elementor-element-7742097\" data-id=\"7742097\" data-element_type=\"column\">\n<div class=\"elementor-column-wrap elementor-element-populated\">\n<div class=\"elementor-widget-wrap\">\n<div class=\"elementor-element elementor-element-fdcf6f3 elementor-widget elementor-widget-text-editor\" data-id=\"fdcf6f3\" data-element_type=\"widget\" data-widget_type=\"text-editor.default\">\n<div class=\"elementor-widget-container\">\n<div class=\"elementor-text-editor elementor-clearfix\">\n<p>Lorem ipsum dolor sit amet, consectetur adipiscing elit. Quisque quis ligula eu lectus vulputate porttitor sed feugiat nunc. Mauris ac consectetur ante, dapibus gravida tellus. Nullam aliquet eleifend dapibus.<\/p>\n<\/div>\n<\/div>\n<\/div>\n<\/div>\n<\/div>\n<\/div>\n<p>\t\t\t\t\t\t<\/div>\r\n\t\t\t\t\t<\/div>\r\n\t\t\t\t\t\t\t\t\t<\/div>\r\n\t\t\t<\/div>\r\n\t\t<\/div>\r\n\r\n\t\t[\/vc_column_inner][vc_column_inner width=&#8221;1\/3&#8243;]\t\t<div class=\"item-promo\">\r\n\t\t\t<div class=\"media\">\r\n\t\t\t\t\t\t\t\t<div class=\"item-promo-image\">\r\n\t\t\t\t\t<div class=\"item-media item-media-thumb\">\r\n\t\t\t\t\t\t<a href=\"\">\r\n\t\t\t\t\t\t\t<img loading=\"lazy\" decoding=\"async\" width=\"750\" height=\"500\" src=\"https:\/\/livingpdl.pt\/wp-content\/uploads\/2018\/10\/00_bathroom-2-750x500-2.jpg\" class=\"img-responsive\" alt=\"\" srcset=\"https:\/\/livingpdl.pt\/wp-content\/uploads\/2018\/10\/00_bathroom-2-750x500-2.jpg 750w, https:\/\/livingpdl.pt\/wp-content\/uploads\/2018\/10\/00_bathroom-2-750x500-2-300x200.jpg 300w, https:\/\/livingpdl.pt\/wp-content\/uploads\/2018\/10\/00_bathroom-2-750x500-2-450x300.jpg 450w, https:\/\/livingpdl.pt\/wp-content\/uploads\/2018\/10\/00_bathroom-2-750x500-2-120x80.jpg 120w\" sizes=\"(max-width: 750px) 100vw, 750px\" \/>\t\t\t\t\t\t<\/a>\r\n\t\t\t\t\t<\/div>\r\n\t\t\t\t<\/div>\r\n\t\t\t\t\t\t\t\t<div class=\"media-body item-body\">\r\n\t\t\t\t\t<div class=\"item-title-head\">\r\n\t\t\t\t\t\t<div class=\"text-left\">\r\n\t\t\t\t\t\t\t<h2 class=\"title\">\r\n\t\t\t\t\t\t\t\t<a href=\"\">Innovative<\/a>\r\n\t\t\t\t\t\t\t<\/h2>\r\n\t\t\t\t\t\t\t<\/p>\n<div class=\"elementor-column elementor-col-33 elementor-inner-column elementor-element elementor-element-7742097\" data-id=\"7742097\" data-element_type=\"column\">\n<div class=\"elementor-column-wrap elementor-element-populated\">\n<div class=\"elementor-widget-wrap\">\n<div class=\"elementor-element elementor-element-fdcf6f3 elementor-widget elementor-widget-text-editor\" data-id=\"fdcf6f3\" data-element_type=\"widget\" data-widget_type=\"text-editor.default\">\n<div class=\"elementor-widget-container\">\n<div class=\"elementor-text-editor elementor-clearfix\">\n<p>Lorem ipsum dolor sit amet, consectetur adipiscing elit. Quisque quis ligula eu lectus vulputate porttitor sed feugiat nunc. Mauris ac consectetur ante, dapibus gravida tellus. Nullam aliquet eleifend dapibus.<\/p>\n<\/div>\n<\/div>\n<\/div>\n<\/div>\n<\/div>\n<\/div>\n<p>\t\t\t\t\t\t<\/div>\r\n\t\t\t\t\t<\/div>\r\n\t\t\t\t\t\t\t\t\t<\/div>\r\n\t\t\t<\/div>\r\n\t\t<\/div>\r\n\r\n\t\t[\/vc_column_inner][\/vc_row_inner][\/vc_column][\/vc_row]<\/p>\n","protected":false},"excerpt":{"rendered":"<p>[vc_row css=&#8221;.vc_custom_1540484653733{margin-bottom: 30px !important;padding-right: 30px !important;padding-left: 30px !important;background-color: #ffffff !important;}&#8221;][vc_column][vc_empty_space][vc_row_inner][vc_column_inner width=&#8221;1\/2&#8243;][vc_column_text] Stammend aus zwei Familien, die immer die Kunst der Gastfreundschaft gepflegt haben, streben ihre Gastgeber, Luz und Vasco, danach, diese jahrhundertealte azoreanische Tradition zu ehren, indem sie ihren G\u00e4sten alles bieten, was ihren Aufenthalt in S\u00e3o Miguel unvergesslich machen kann. Informationen dar\u00fcber, was man [&hellip;]<\/p>\n","protected":false},"author":1,"featured_media":0,"parent":0,"menu_order":0,"comment_status":"closed","ping_status":"closed","template":"template\/template-homepage.php","meta":{"inline_featured_image":false,"footnotes":"","_joinchat":[]},"_links":{"self":[{"href":"https:\/\/livingpdl.pt\/de\/wp-json\/wp\/v2\/pages\/1292"}],"collection":[{"href":"https:\/\/livingpdl.pt\/de\/wp-json\/wp\/v2\/pages"}],"about":[{"href":"https:\/\/livingpdl.pt\/de\/wp-json\/wp\/v2\/types\/page"}],"author":[{"embeddable":true,"href":"https:\/\/livingpdl.pt\/de\/wp-json\/wp\/v2\/users\/1"}],"replies":[{"embeddable":true,"href":"https:\/\/livingpdl.pt\/de\/wp-json\/wp\/v2\/comments?post=1292"}],"version-history":[{"count":15,"href":"https:\/\/livingpdl.pt\/de\/wp-json\/wp\/v2\/pages\/1292\/revisions"}],"predecessor-version":[{"id":3047,"href":"https:\/\/livingpdl.pt\/de\/wp-json\/wp\/v2\/pages\/1292\/revisions\/3047"}],"wp:attachment":[{"href":"https:\/\/livingpdl.pt\/de\/wp-json\/wp\/v2\/media?parent=1292"}],"curies":[{"name":"wp","href":"https:\/\/api.w.org\/{rel}","templated":true}]}}