{"id":2302,"date":"2021-02-10T16:06:46","date_gmt":"2021-02-10T16:06:46","guid":{"rendered":"https:\/\/livingpdl.pt\/?page_id=2302"},"modified":"2025-02-24T15:03:51","modified_gmt":"2025-02-24T15:03:51","slug":"terms-and-conditions","status":"publish","type":"page","link":"https:\/\/livingpdl.pt\/de\/terms-and-conditions\/","title":{"rendered":"Allgemeine Gesch\u00e4ftsbedingungen"},"content":{"rendered":"<p class=\"p1\">\u00a0<\/p>\n<ul class=\"ul1\">\n<li class=\"li1\"><b>Zweck und Allgemeine Bestimmungen<\/b><br \/>Diese Allgemeinen Gesch\u00e4ftsbedingungen regeln die Bedingungen, zu denen die Website www.livingpdl.pt, die im Besitz von Maria da Luz Vieira Cabral de Melo Amaral steht und unter der Steuernummer 103414436 eingetragen ist, betrieben wird. Diese Bedingungen gelten f\u00fcr alle Buchungen und Aufenthalte im Living PDL, beginnend mit der Buchungsanfrage bis zum Ende des Aufenthalts.<br \/>Die Allgemeinen Gesch\u00e4ftsbedingungen gelten f\u00fcr das Verh\u00e4ltnis zwischen dem Kunden und Living PDL sowie f\u00fcr die Funktionsweise und Regeln der Website, die \u00d6ffnungszeiten und angebotenen Dienstleistungen, sowie alle relevanten Informationen im Zusammenhang mit dem Aufenthalt.<br \/>Die Nutzung der Living PDL-Website setzt die uneingeschr\u00e4nkte Akzeptanz der in diesen Allgemeinen Gesch\u00e4ftsbedingungen festgelegten Bedingungen sowie der Datenschutz- und Cookie-Richtlinien der Website voraus. Falls der Kunde diesen Bedingungen nicht zustimmt, sollte er die Website nicht nutzen.<br \/>Living PDL beh\u00e4lt sich das Recht vor, die Allgemeinen Gesch\u00e4ftsbedingungen jederzeit zu \u00e4ndern, zu l\u00f6schen oder zu aktualisieren, ebenso wie die Website ohne vorherige Ank\u00fcndigung. Es wird empfohlen, die Allgemeinen Gesch\u00e4ftsbedingungen regelm\u00e4\u00dfig zu \u00fcberpr\u00fcfen.<br \/>In allen nicht in diesen Allgemeinen Gesch\u00e4ftsbedingungen behandelten F\u00e4llen gilt die jeweils g\u00fcltige gesetzliche Regelung.<\/li>\n<li class=\"li1\"><b>Preise<\/b><br \/>Alle auf der Website angegebenen Preise gelten pro Apartment und f\u00fcr den gesamten Aufenthalt und beinhalten Mehrwertsteuer und Steuern, es sei denn, auf der Website oder in der Buchungsbest\u00e4tigung ist etwas anderes angegeben. In einigen F\u00e4llen k\u00f6nnen auf unserer Website g\u00fcnstigere Preise verf\u00fcgbar sein, abh\u00e4ngig von verschiedenen Variablen wie dem gew\u00e4hlten Tarifplan oder dem Zeitraum des Aufenthalts. Der Kunde sollte die Beschreibung und den Preis der Unterkunft vor der Buchung sorgf\u00e4ltig pr\u00fcfen.<br \/>\u2022 Der zu zahlende Betrag f\u00fcr die Buchung wird dem Kunden f\u00fcr die Nutzung der Unterkunft f\u00fcr den Zeitraum zwischen der Ankunft und der Abreise in Rechnung gestellt.<br \/>\u2022 Die Preise k\u00f6nnen ohne Vorank\u00fcndigung ge\u00e4ndert werden.<br \/>\u2022 Kinder unter 2 Jahren zahlen keine Geb\u00fchren f\u00fcr den Aufenthalt, sofern sie von Erwachsenen begleitet werden. Living PDL muss \u00fcber die Anwesenheit von Kindern in der Buchung informiert werden, um die Unterkunft gegebenenfalls anzupassen.<br \/>\u2022 Living PDL beh\u00e4lt sich das Recht vor, die Buchung zu stornieren, wenn der Kunde den vollen Betrag nicht fristgerecht bezahlt.<\/li>\n<li class=\"li1\"><b>Zahlungsmethoden<\/b><br \/>Die Zahlung f\u00fcr die Unterkunft und zus\u00e4tzliche Dienstleistungen muss zum Zeitpunkt der Buchungsbest\u00e4tigung erfolgen.<br \/>Der zu zahlende Betrag, sowie die f\u00fcr die Stornierung anfallenden Geb\u00fchren, werden zum Zeitpunkt der Buchung angegeben und k\u00f6nnen je nach Sonderangebot oder gew\u00e4hltem Unterkunftstyp variieren.<br \/>Living PDL akzeptiert die folgenden Zahlungsmethoden:<br \/>\u2022 <b>Kreditkarte<\/b>: Um diese Zahlungsmethode zu verwenden, wird Living PDL die Kartendaten zur Best\u00e4tigung der Buchung anfordern. Alle Zahlungen werden sicher verarbeitet, und die angegebenen Daten werden vertraulich behandelt und nicht weitergegeben. Zahlungen per Kreditkarte erfolgen ausschlie\u00dflich \u00fcber Living PDL. Living PDL verpflichtet sich, auf jede Anfrage des Karteninhabers innerhalb von zwei Tagen zu reagieren. Der Kunde sollte eine Kopie der Transaktionsdaten f\u00fcr zuk\u00fcnftige R\u00fcckfragen aufbewahren. Die Zahlung wird von Maria da Luz Vieira Cabral de Melo Amaral nach der Best\u00e4tigung der Buchung abgewickelt. Living PDL garantiert eine R\u00fcckerstattung des Betrags der Buchung, falls das Widerrufsrecht des Verbrauchers gem\u00e4\u00df den geltenden Vorschriften ausge\u00fcbt wird.<br \/>\u2022 <b>Multibanco<\/b>: Wenn diese Zahlungsmethode bei der Buchung gew\u00e4hlt wird, wird Living PDL dem Kunden eine Multibanco-Referenz zur Verf\u00fcgung stellen, die automatisch generiert und in der Buchungsbest\u00e4tigung per E-Mail gesendet wird. Diese Zahlungsmethode erfordert, dass die Zahlung innerhalb von 24 Stunden nach der Buchung erfolgt, andernfalls beh\u00e4lt sich Living PDL das Recht vor, die Buchung zu stornieren. Diese Zahlungsmethode ist nur in Portugal g\u00fcltig.<br \/>\u2022 <b>Bank\u00fcberweisung<\/b>: Wenn diese Zahlungsmethode gew\u00e4hlt wird, erh\u00e4lt der Kunde die NIB-Nummer des Bankkontos zur Durchf\u00fchrung der \u00dcberweisung in der Best\u00e4tigungs-E-Mail der Buchung. Der Kunde muss den Zahlungseingang best\u00e4tigen, indem er den \u00dcberweisungsbeleg per E-Mail an living.pdelgada@gmail.com sendet. Diese Zahlungsmethode erfordert, dass die Zahlung innerhalb von 24 Stunden nach der Buchung erfolgt, andernfalls beh\u00e4lt sich Living PDL das Recht vor, die Buchung zu stornieren.<\/li>\n<li class=\"li1\"><b>Stornierungsbedingungen<\/b><br \/>Die Stornierungsbedingungen gelten f\u00fcr alle Buchungen, die auf der Website vorgenommen werden, einschlie\u00dflich derer mit obligatorischer Vorauszahlung.<br \/>\u2022 Wenn der Kunde am ersten Tag der Buchung ohne Vorank\u00fcndigung nicht erscheint, beh\u00e4lt sich Living PDL das Recht vor, die Buchung zu stornieren und gegebenenfalls eine Stornogeb\u00fchr von bis zu 100% des Buchungsbetrags zu erheben.<br \/>\u2022 Jede \u00c4nderung der Buchung kann zus\u00e4tzliche Kosten verursachen.<br \/>\u2022 Im Falle einer Stornierung oder Nichterscheinen im Unterkunftseinrichtungsort wird der gesamte Buchungsbetrag berechnet.<br \/>\u2022 <b>Regeln und Bestimmungen zur Lieferung<\/b>: Living PDL verpflichtet sich, die gebuchte Unterkunft innerhalb von 24 Stunden nach der Buchung bereitzustellen. Living PDL bietet dem Kunden die M\u00f6glichkeit, die Buchung im Rahmen des gesetzlichen Widerrufsrechts zu stornieren, sofern die Stornierung innerhalb der gesetzlichen Frist von 14 Kalendertagen ohne Angabe von Gr\u00fcnden und ohne Kosten erfolgt. Living PDL verpflichtet sich, den gezahlten Betrag im Falle einer g\u00fcltigen Stornierung gem\u00e4\u00df den oben genannten Bedingungen zu erstatten.<br \/>\u2022 Living PDL beh\u00e4lt sich das Recht vor, den Unterkunftsvertrag zu stornieren, wenn der Kunde den Betrag nicht vollst\u00e4ndig und fristgerecht bezahlt.<br \/>\u2022 Beide Parteien des Vertrags k\u00f6nnen den Unterkunftsvertrag mit sofortiger Wirkung aus wichtigen Gr\u00fcnden k\u00fcndigen, gem\u00e4\u00df den vorherigen Bestimmungen.<br \/>\u2022 Living PDL kann den Unterkunftsvertrag auch sofort k\u00fcndigen, wenn der Kunde st\u00f6rendes Verhalten zeigt, das das Zusammenleben, die Ruhe oder die Hygiene der Unterkunft beeintr\u00e4chtigt, wie z. B. der Gebrauch von Drogen oder Alkohol, Prostitution, respektloses Verhalten gegen\u00fcber dem Personal, St\u00f6rung der Ruhe anderer G\u00e4ste oder wenn der Kunde zuvor betr\u00fcgerische Buchungen vorgenommen hat oder die Unterkunft oder ihre Einrichtungen besch\u00e4digt hat.<br \/>\u2022 Ungeachtet der oben genannten Allgemeinen Gesch\u00e4ftsbedingungen und der Stornierungsbedingungen k\u00f6nnen spezifische Bedingungen zum Zeitpunkt der Buchung angegeben werden.<\/li>\n<li class=\"li1\"><b>Check-In und Check-Out<\/b><br \/>\u2022 Living PDL stellt die Unterkunft ab 16:00 Uhr des Anreisetages zur Verf\u00fcgung.<br \/>\u2022 Vor dem Check-in (Ankunft) muss der Kunde das ihm zugesandte Check-in-Formular ausf\u00fcllen, in dem Identifikationsdaten, Nationalit\u00e4t, Wohnsitz und Identifikationsdokumente wie Personalausweis oder Reisepass angegeben sind.<br \/>\u2022 Der Kunde sollte nach M\u00f6glichkeit die voraussichtliche Ankunftszeit angeben.<br \/>\u2022 Wenn der Kunde fr\u00fcher als zum angegebenen Zeitpunkt ankommt, muss er Living PDL kontaktieren, um zu \u00fcberpr\u00fcfen, ob dies am gew\u00fcnschten Tag m\u00f6glich ist. Sollte dies nicht m\u00f6glich sein, kann der Kunde sein Gep\u00e4ck an einem geeigneten Ort abstellen.<br \/>\u2022 Der Kunde muss die Unterkunft und alle pers\u00f6nlichen Gegenst\u00e4nde bis sp\u00e4testens 11:00 Uhr am Abreisetag r\u00e4umen.<br \/>\u2022 Wenn der Kunde einen &#8220;sp\u00e4ten Check-out&#8221; w\u00fcnscht, muss er Living PDL rechtzeitig kontaktieren, um die Verf\u00fcgbarkeit zu \u00fcberpr\u00fcfen. Der &#8220;sp\u00e4te Check-out&#8221; unterliegt der Verf\u00fcgbarkeit und kostet einen Zuschlag von 30% des Tagespreises der Buchung.<br \/>\u2022 Sollte die Unterkunft nicht bis zur angegebenen Zeit ger\u00e4umt werden, ohne vorherige Zustimmung von Living PDL oder eine rechtfertigende Erkl\u00e4rung, wird eine Strafe von einer \u00dcbernachtung berechnet, und der Kunde kann die Unterkunft nur f\u00fcr diesen Zeitraum weiter nutzen, falls dies m\u00f6glich ist.<\/li>\n<li class=\"li1\"><b>Reinigung, Handt\u00fccher und Bettw\u00e4sche<\/b><br \/>\u2022 Bei Check-in wird das Apartment vollst\u00e4ndig gereinigt und desinfiziert, und es werden Handt\u00fccher f\u00fcr den K\u00f6rper sowie Strandhandt\u00fccher f\u00fcr alle G\u00e4ste zur Verf\u00fcgung gestellt.<br \/>\u2022 Es ist verboten, Handt\u00fccher f\u00fcr den K\u00f6rper au\u00dferhalb der Living PDL-Einrichtungen zu verwenden.<br \/>\u2022 Strandhandt\u00fccher, die von Living PDL zur Verf\u00fcgung gestellt werden, k\u00f6nnen an Str\u00e4nden, Badebereichen oder Thermalanlagen verwendet werden.<br \/>\u2022 Frische, desinfizierte Bettw\u00e4sche und Kissen werden bereitgestellt. Die Betten sind bei der Ankunft bezogen.<br \/>\u2022 Der Kunde kann bei Bedarf Bettw\u00e4sche und Handt\u00fccher wechseln lassen.<br \/>\u2022 Wenn zus\u00e4tzliche Reinigungen aufgrund unvorhergesehener Umst\u00e4nde erforderlich sind, m\u00fcssen diese mit dem Reinigungspersonal abgesprochen werden. Living PDL wird die Reinigung so schnell wie m\u00f6glich durchf\u00fchren.<\/li>\n<li class=\"li1\"><b>Zugang zur Unterkunft durch Living PDL<\/b><br \/>\u2022 Living PDL und sein Personal werden niemals ohne Zustimmung des Kunden und ohne vorherige Ank\u00fcndigung in das Apartment eintreten.<br \/>\u2022 Im Falle notwendiger Reparaturen oder zus\u00e4tzlicher Reinigungsma\u00dfnahmen muss der Kunde dies anfordern und mit Living PDL einen Termin vereinbaren.<\/li>\n<li class=\"li1\"><b>Reklamationen bez\u00fcglich M\u00e4ngeln<\/b><br \/>\u2022 Der Kunde muss das Apartment bei der Ankunft \u00fcberpr\u00fcfen und alle festgestellten M\u00e4ngel sofort Living PDL melden.<br \/>\u2022 Alle M\u00e4ngel, die w\u00e4hrend des Aufenthalts festgestellt werden, m\u00fcssen Living PDL sofort nach Kenntnisnahme gemeldet werden.<br \/>\u2022 Living PDL wird versuchen, die M\u00e4ngel zu beheben oder das Problem so schnell wie m\u00f6glich zu l\u00f6sen.<br \/>\u2022 Sollte Living PDL den Mangel nicht beheben k\u00f6nnen oder das Apartment nicht gegen eines der gleichen Standards austauschen, kann der Kunde die Buchung stornieren und eine R\u00fcckerstattung des gezahlten Betrags erhalten, ohne weitere Anspr\u00fcche gegen\u00fcber Living PDL geltend zu machen.<br \/>\u2022 M\u00e4ngel, die geringf\u00fcgig sind und den Aufenthalt und die Qualit\u00e4t der Unterkunft nicht beeintr\u00e4chtigen, f\u00fchren jedoch nicht zu einer Verpflichtung von Living PDL, zu handeln.<\/li>\n<li class=\"li1\"><b>Haftung von Living PDL<\/b><br \/>\u2022 Living PDL ist daf\u00fcr verantwortlich, angemessene Hygienebedingungen, Sauberkeit und Sicherheit in der Unterkunft zu gew\u00e4hrleisten.<br \/>\u2022 Living PDL haftet nicht f\u00fcr das Fehlen oder den Verlust von pers\u00f6nlichen Gegenst\u00e4nden des Kunden in der Unterkunft.<br \/>\u2022 Living PDL haftet nicht f\u00fcr Verletzungen oder Sch\u00e4den, die in der Unterkunft auftreten, es sei denn, diese sind auf Fahrl\u00e4ssigkeit von Living PDL zur\u00fcckzuf\u00fchren.<\/li>\n<li class=\"li1\"><b>Rechte und Pflichten des Kunden<\/b><br \/><b>Rechte des Kunden<\/b><br \/>\u2022 Respekt der Privatsph\u00e4re des Kunden durch Living PDL bei der Verarbeitung seiner pers\u00f6nlichen Daten.<br \/>\u2022 Bereitstellung der Unterkunft und Sauberkeit.<br \/>\u2022 Kostenloser Wi-Fi-Zugang.<\/li>\n<\/ul>\n<p class=\"p1\"><b>Pflichten des Kunden<\/b><br \/>\u2022 Befolgung der Regeln, die zur Einhaltung dieser Allgemeinen Gesch\u00e4ftsbedingungen beitragen.<br \/>\u2022 Respekt gegen\u00fcber den Mitarbeitern, den Eigent\u00fcmern und anderen Anwesenden.<br \/>\u2022 Im Falle von Diebstahl, Sch\u00e4den an der Unterkunft, Br\u00e4nden, \u00dcberschwemmungen oder anderen Vorf\u00e4llen muss der Kunde Living PDL sofort informieren, um das Problem so schnell wie m\u00f6glich zu l\u00f6sen.<br \/>\u2022 Korrekte und verantwortungsbewusste Nutzung des Apartments und der Gemeinschaftseinrichtungen und Haftung f\u00fcr Sch\u00e4den an der Unterkunft.<br \/>\u2022 Diebstahl von Eigentum von Living PDL ist untersagt.<\/p>\n<ul class=\"ul1\">\n<li class=\"li1\"><b>Regeln<\/b><br \/>\u2022 Der Kunde darf keine Ger\u00e4te verwenden, die die Sicherheit von Personen oder der Unterkunft gef\u00e4hrden k\u00f6nnen.<br \/>\u2022 Rauchen innerhalb von Living PDL ist verboten.<br \/>\u2022 Waffen und scharfe Gegenst\u00e4nde, die das Leben von Personen gef\u00e4hrden k\u00f6nnten, sind untersagt.<br \/>\u2022 Aus Respekt vor anderen G\u00e4sten ist es von 23:00 bis 07:00 Uhr verboten, L\u00e4rm zu verursachen oder st\u00f6rende Aktivit\u00e4ten durchzuf\u00fchren.<br \/>\u2022 Feiern sind nicht erlaubt.<br \/>\u2022 Der Zugang von nicht in der Buchung angegebenen Personen ist nur mit vorheriger Zustimmung der Direktion erlaubt.<br \/>\u2022 Kinder unter 12 Jahren m\u00fcssen w\u00e4hrend des Aufenthalts jederzeit von einem verantwortlichen Erwachsenen beaufsichtigt werden.<br \/>\u2022 Tiere sind nicht erlaubt.<\/li>\n<li class=\"li1\"><b>Sch\u00e4den und Verlust von Eigentum<\/b><br \/>Der Kunde verpflichtet sich, f\u00fcr alle Sch\u00e4den an der Unterkunft und\/oder deren Einrichtungen aufzukommen, die w\u00e4hrend des Aufenthalts verursacht werden, sowie f\u00fcr Sch\u00e4den, die durch die Nichterf\u00fcllung der Pflichten aus diesen Allgemeinen Gesch\u00e4ftsbedingungen entstehen, einschlie\u00dflich der damit verbundenen Rechts- und Gerichtskosten.<\/li>\n<li class=\"li1\"><b>Reklamationen<\/b><br \/>Living PDL stellt seinen Kunden ein Beschwerdebuch zur Verf\u00fcgung.<\/li>\n<li class=\"li1\"><b>Zus\u00e4tzliche Informationen<\/b><br \/>Der Kunde ist verpflichtet, Living PDL die Anzahl der Personen (Erwachsene und Kinder) mitzuteilen, die das Apartment belegen werden.<br \/>Falls zus\u00e4tzliche Personen ohne Buchung eintreffen, kann der Zugang des Kunden zur Unterkunft verweigert werden, ohne dass ein Anspruch auf R\u00fcckerstattung besteht.<\/li>\n<li class=\"li1\"><b>Gesetzliche Bestimmungen<\/b><br \/>\u2022 Keine m\u00fcndlichen Vereinbarungen wurden im Rahmen des Unterkunftsvertrags getroffen; jede \u00c4nderung des Vertrags muss schriftlich festgehalten und von beiden Parteien unterzeichnet werden, au\u00dfer wenn sie einseitig ist, in diesem Fall muss sie schriftlich und vom Absender unterzeichnet werden.<br \/>\u2022 Living PDL beh\u00e4lt sich das Recht vor, die Ausf\u00fchrung seiner Verpflichtungen auf Dritte zu \u00fcbertragen, wenn dies im Rahmen des Unterkunftsvertrags vorgesehen ist.<br \/>\u2022 Die Unwirksamkeit einer oder mehrerer Bestimmungen dieser Allgemeinen Gesch\u00e4ftsbedingungen beeintr\u00e4chtigt nicht die G\u00fcltigkeit der anderen Bestimmungen. Die unwirksame Bestimmung wird durch eine wirksame Bestimmung ersetzt, die den kommerziellen und rechtlichen Absichten der Parteien so nahe wie m\u00f6glich kommt, oder, wenn dies nicht m\u00f6glich ist, durch geltendes portugiesisches Recht.<\/li>\n<\/ul>\n<p class=\"p1\">Soweit nicht anders angegeben, geh\u00f6ren die f\u00fcr unsere Dienstleistungen notwendigen Software-Tools sowie die Rechte an geistigem Eigentum (einschlie\u00dflich Urheberrechten) an den Inhalt, die Informationen und Materialien der Website, entweder Maria da Luz Vieira Cabral de Melo Amaral, Lieferanten oder Auftragnehmer. Sofern nicht anders vorgeschrieben, unterliegt der Vertrag und die Erbringung unserer Dienstleistungen den portugiesischen Gesetzen, und alle Streitigkeiten im Zusammenhang mit diesen Allgemeinen Gesch\u00e4ftsbedingungen und unseren Dienstleistungen unterliegen der Gerichtsbarkeit der zust\u00e4ndigen Gerichte in Ponta Delgada, Portugal.<\/p>\n","protected":false},"excerpt":{"rendered":"<p>\u00a0 Zweck und Allgemeine BestimmungenDiese Allgemeinen Gesch\u00e4ftsbedingungen regeln die Bedingungen, zu denen die Website www.livingpdl.pt, die im Besitz von Maria da Luz Vieira Cabral de Melo Amaral steht und unter der Steuernummer 103414436 eingetragen ist, betrieben wird. Diese Bedingungen gelten f\u00fcr alle Buchungen und Aufenthalte im Living PDL, beginnend mit der Buchungsanfrage bis zum Ende [&hellip;]<\/p>\n","protected":false},"author":1,"featured_media":0,"parent":0,"menu_order":0,"comment_status":"closed","ping_status":"open","template":"","meta":{"inline_featured_image":false,"footnotes":"","_joinchat":[]},"_links":{"self":[{"href":"https:\/\/livingpdl.pt\/de\/wp-json\/wp\/v2\/pages\/2302"}],"collection":[{"href":"https:\/\/livingpdl.pt\/de\/wp-json\/wp\/v2\/pages"}],"about":[{"href":"https:\/\/livingpdl.pt\/de\/wp-json\/wp\/v2\/types\/page"}],"author":[{"embeddable":true,"href":"https:\/\/livingpdl.pt\/de\/wp-json\/wp\/v2\/users\/1"}],"replies":[{"embeddable":true,"href":"https:\/\/livingpdl.pt\/de\/wp-json\/wp\/v2\/comments?post=2302"}],"version-history":[{"count":1,"href":"https:\/\/livingpdl.pt\/de\/wp-json\/wp\/v2\/pages\/2302\/revisions"}],"predecessor-version":[{"id":2829,"href":"https:\/\/livingpdl.pt\/de\/wp-json\/wp\/v2\/pages\/2302\/revisions\/2829"}],"wp:attachment":[{"href":"https:\/\/livingpdl.pt\/de\/wp-json\/wp\/v2\/media?parent=2302"}],"curies":[{"name":"wp","href":"https:\/\/api.w.org\/{rel}","templated":true}]}}