{"id":2860,"date":"2025-02-24T15:52:24","date_gmt":"2025-02-24T15:52:24","guid":{"rendered":"https:\/\/livingpdl.pt\/?page_id=2860"},"modified":"2025-04-17T08:09:42","modified_gmt":"2025-04-17T08:09:42","slug":"destino","status":"publish","type":"page","link":"https:\/\/livingpdl.pt\/de\/destino\/","title":{"rendered":"ZIEL"},"content":{"rendered":"<p>[vc_row css=&#8221;.vc_custom_1540484653733{margin-bottom: 30px !important;padding-right: 30px !important;padding-left: 30px !important;background-color: #ffffff !important;}&#8221;][vc_column][vc_empty_space height=&#8221;50px&#8221;]\t\t<div class=\"homey-module module-title section-title-module text-left \">\r\n\t\t\t<h2 >Ponta Delgada<\/h2>\r\n\r\n\t\t\t<p  class=\"sub-heading\"><\/p>\r\n\t\t<\/div>\r\n\t\t[vc_row_inner equal_height=&#8221;yes&#8221;][vc_column_inner width=&#8221;1\/2&#8243;][vc_column_text]<\/p>\n<p align=\"justify\"><span style=\"font-family: Verdana, serif;\"><span style=\"font-size: small;\">Ponta Delgada ist die charmante Hauptstadt der Insel S\u00e3o Miguel, die im Azoren-Archipel in Portugal liegt. Mit einer einzigartigen Mischung aus Geschichte, Kultur und atemberaubender nat\u00fcrlicher Sch\u00f6nheit ist diese malerische Stadt ein absolutes Muss f\u00fcr Reisende, die die Wunder des Atlantiks erkunden m\u00f6chten.<\/span><\/span><\/p>\n<p align=\"justify\"><span style=\"font-family: Verdana, serif;\"><span style=\"font-size: small;\">Mit ihren traditionellen Pflasterstra\u00dfen und historischen Geb\u00e4uden fasziniert Ponta Delgada die Besucher vom ersten Moment an. Ihr historisches Zentrum ist gepr\u00e4gt von eleganten Geb\u00e4uden, alten Kirchen und malerischen Pl\u00e4tzen, auf denen man die charmante und einladende Atmosph\u00e4re der Stadt sp\u00fcren kann.<\/span><\/span><\/p>\n<p align=\"justify\"><span style=\"font-family: Verdana, serif;\"><span style=\"font-size: small;\">Neben ihrem historischen Charme bietet Ponta Delgada auch eine Vielzahl von Outdoor-Aktivit\u00e4ten und Abenteuern in der Natur.<\/span><\/span><\/p>\n<p align=\"justify\"><span style=\"font-family: Verdana, serif;\"><span style=\"font-size: small;\">Die Gastronomie ist eine weitere unmissverst\u00e4ndliche Attraktion in Ponta Delgada, mit einer Vielzahl traditioneller azoreanischer Gerichte zum Genie\u00dfen.<\/span><\/span><\/p>\n<p align=\"justify\"><span style=\"font-family: Verdana, serif;\"><span style=\"font-size: small;\">Mit seiner lebendigen Atmosph\u00e4re und seinem reichen kulturellen Erbe ist Ponta Delgada ein Juwel der Azoren, das die Herzen und Gedanken aller erobert, die es besuchen.<\/span><\/span><\/p>\n<p>[\/vc_column_text][\/vc_column_inner][vc_column_inner width=&#8221;1\/2&#8243;][vc_images_carousel images=&#8221;3100,3117,3116,3115,3114,3113,3112,3111,3110,3109,3108,3107,3106,3105,3104,3103,3102,3101&#8243; img_size=&#8221;full&#8221;][\/vc_column_inner][\/vc_row_inner][\/vc_column][\/vc_row][vc_row css=&#8221;.vc_custom_1540484653733{margin-bottom: 30px !important;padding-right: 30px !important;padding-left: 30px !important;background-color: #ffffff !important;}&#8221;][vc_column][vc_empty_space height=&#8221;50px&#8221;]\t\t<div class=\"homey-module module-title section-title-module text-left \">\r\n\t\t\t<h2 >S\u00e3o Miguel<\/h2>\r\n\r\n\t\t\t<p  class=\"sub-heading\"><\/p>\r\n\t\t<\/div>\r\n\t\t[vc_row_inner equal_height=&#8221;yes&#8221;][vc_column_inner width=&#8221;1\/2&#8243;][vc_column_text]<\/p>\n<p align=\"justify\"><span style=\"font-family: Verdana, serif;\"><span style=\"font-size: small;\">A ilha de S\u00e3o Miguel, nos A\u00e7ores, \u00e9 um para\u00edso natural de uma beleza indescrit\u00edvel. Conhecida como a &#8220;ilha verde&#8221;, S. Miguel \u00e9 a maior e mais populosa ilha do arquip\u00e9lago, oferecendo uma mistura \u00fanica de paisagens deslumbrantes, atividades ao ar livre e uma rica heran\u00e7a cultural.\u00a0<\/span><\/span><\/p>\n<p align=\"justify\"><span style=\"font-family: Verdana, serif;\"><span style=\"font-size: small;\">Com uma geografia impressionante, S\u00e3o Miguel \u00e9 um verdadeiro playground para os amantes da natureza. Desde as suas magn\u00edficas lagoas vulc\u00e2nicas, como a Lagoa das Sete Cidades e a Lagoa do Fogo, at\u00e9 \u00e0s suas impressionantes fal\u00e9sias costeiras e enseadas isoladas,\u00a0crateras, cascatas e miradouros com vistas panor\u00e2micas deslumbrantes, a ilha oferece uma\u00a0diversidade de cen\u00e1rios que surpreendem a cada curva do caminho.\u00a0<\/span><\/span><\/p>\n<p align=\"justify\"><span style=\"font-family: Verdana, serif;\"><span style=\"font-size: small;\">Al\u00e9m da sua beleza natural, S\u00e3o Miguel tamb\u00e9m \u00e9 um destino popular para atividades ao ar livre. Os visitantes podem explorar uma variedade de trilhos para caminhadas que serpenteiam atrav\u00e9s de florestas exuberantes, campos verdejantes e pastagens pitorescas. A ilha tamb\u00e9m \u00e9 um para\u00edso para os entusiastas de desportos aqu\u00e1ticos, oferecendo excelentes condi\u00e7\u00f5es para o surf, mergulho, pesca e observa\u00e7\u00e3o de baleias e golfinhos\u00a0ou simplesmente relaxar nas praias de areia negra ou piscinas naturais.<\/span><\/span><\/p>\n<p align=\"justify\"><span style=\"font-family: Verdana, serif;\"><span style=\"font-size: small;\">A cultura a\u00e7oriana floresce em S\u00e3o Miguel, evidente nas suas festas tradicionais, m\u00fasica folcl\u00f3rica e gastronomia \u00fanica. Os visitantes podem saborear pratos deliciosos, como o cozido das Furnas, preparado nas caldeiras vulc\u00e2nicas da ilha, ou desfrutar de uma refei\u00e7\u00e3o de peixe fresco e marisco em restaurantes locais.\u00a0Com uma atmosfera relaxante e acolhedora, S\u00e3o Miguel \u00e9 um ref\u00fagio perfeito para aqueles que procuram escapar do stress da vida quotidiana e reconectar-se com a natureza. Cada canto da ilha reserva uma surpresa, convidando os viajantes a explorar e descobrir os seus segredos bem guardados.\u00a0<\/span><\/span><\/p>\n<p>[\/vc_column_text][\/vc_column_inner][vc_column_inner width=&#8221;1\/2&#8243;][vc_images_carousel images=&#8221;3138,3137,3136,3135,3134,3133,3132,3131,3130,3129,3128,3127,3126,3125,3124,3123,3122,3121,3120,3119,3160,3159,3158,3157,3156,3155,3154,3153,3152,3151,3150,3149,3148,3147,3146,3145,3144,3143,3142,3141,3140,3139&#8243; img_size=&#8221;full&#8221;][\/vc_column_inner][\/vc_row_inner][vc_empty_space height=&#8221;50px&#8221;][\/vc_column][\/vc_row]<\/p>\n","protected":false},"excerpt":{"rendered":"<p>[vc_row css=&#8221;.vc_custom_1540484653733{margin-bottom: 30px !important;padding-right: 30px !important;padding-left: 30px !important;background-color: #ffffff !important;}&#8221;][vc_column][vc_empty_space height=&#8221;50px&#8221;][vc_row_inner equal_height=&#8221;yes&#8221;][vc_column_inner width=&#8221;1\/2&#8243;][vc_column_text] Ponta Delgada ist die charmante Hauptstadt der Insel S\u00e3o Miguel, die im Azoren-Archipel in Portugal liegt. Mit einer einzigartigen Mischung aus Geschichte, Kultur und atemberaubender nat\u00fcrlicher Sch\u00f6nheit ist diese malerische Stadt ein absolutes Muss f\u00fcr Reisende, die die Wunder des Atlantiks erkunden [&hellip;]<\/p>\n","protected":false},"author":1,"featured_media":0,"parent":0,"menu_order":0,"comment_status":"closed","ping_status":"closed","template":"","meta":{"inline_featured_image":false,"footnotes":"","_joinchat":[]},"_links":{"self":[{"href":"https:\/\/livingpdl.pt\/de\/wp-json\/wp\/v2\/pages\/2860"}],"collection":[{"href":"https:\/\/livingpdl.pt\/de\/wp-json\/wp\/v2\/pages"}],"about":[{"href":"https:\/\/livingpdl.pt\/de\/wp-json\/wp\/v2\/types\/page"}],"author":[{"embeddable":true,"href":"https:\/\/livingpdl.pt\/de\/wp-json\/wp\/v2\/users\/1"}],"replies":[{"embeddable":true,"href":"https:\/\/livingpdl.pt\/de\/wp-json\/wp\/v2\/comments?post=2860"}],"version-history":[{"count":9,"href":"https:\/\/livingpdl.pt\/de\/wp-json\/wp\/v2\/pages\/2860\/revisions"}],"predecessor-version":[{"id":3161,"href":"https:\/\/livingpdl.pt\/de\/wp-json\/wp\/v2\/pages\/2860\/revisions\/3161"}],"wp:attachment":[{"href":"https:\/\/livingpdl.pt\/de\/wp-json\/wp\/v2\/media?parent=2860"}],"curies":[{"name":"wp","href":"https:\/\/api.w.org\/{rel}","templated":true}]}}