{"id":3050,"date":"2025-03-25T14:18:40","date_gmt":"2025-03-25T14:18:40","guid":{"rendered":"https:\/\/livingpdl.pt\/?page_id=3050"},"modified":"2026-03-24T08:38:05","modified_gmt":"2026-03-24T08:38:05","slug":"parcerias","status":"publish","type":"page","link":"https:\/\/livingpdl.pt\/de\/parcerias\/","title":{"rendered":"PARTNERSCHAFTEN"},"content":{"rendered":"<p>[vc_row][vc_column]\t\t<div class=\"homey-module module-title section-title-module text-left \">\r\n\t\t\t<h2 >Parcer\u00edas<\/h2>\r\n\r\n\t\t\t<p  class=\"sub-heading\"><\/p>\r\n\t\t<\/div>\r\n\t\t[vc_row_inner equal_height=&#8221;yes&#8221;][vc_column_inner width=&#8221;1\/3&#8243;]\t\t<div class=\"item-promo\">\r\n\t\t\t<div class=\"media\">\r\n\t\t\t\t\t\t\t\t<div class=\"item-promo-image\">\r\n\t\t\t\t\t<div class=\"item-media item-media-thumb\">\r\n\t\t\t\t\t\t<a href=\"https:\/\/autatlantis.com\">\r\n\t\t\t\t\t\t\t<img loading=\"lazy\" decoding=\"async\" width=\"209\" height=\"95\" src=\"https:\/\/livingpdl.pt\/wp-content\/uploads\/2025\/03\/image-1.png\" class=\"img-responsive\" alt=\"\" \/>\t\t\t\t\t\t<\/a>\r\n\t\t\t\t\t<\/div>\r\n\t\t\t\t<\/div>\r\n\t\t\t\t\t\t\t\t<div class=\"media-body item-body\">\r\n\t\t\t\t\t<div class=\"item-title-head\">\r\n\t\t\t\t\t\t<div class=\"text-left\">\r\n\t\t\t\t\t\t\t<h2 class=\"title\">\r\n\t\t\t\t\t\t\t\t<a href=\"https:\/\/autatlantis.com\">Autatlantis<\/a>\r\n\t\t\t\t\t\t\t<\/h2>\r\n\t\t\t\t\t\t\t15% Rabatt f\u00fcr unsere G\u00e4ste. Verwenden Sie einfach den Code <strong>Livingpdl#2025<\/strong> bei der Buchung unter <a href=\"https:\/\/autatlantis.com\/\" target=\"_blank\" rel=\"noopener noreferrer\">https:\/\/autatlantis.com\/<\/a>.\t\t\t\t\t\t<\/div>\r\n\t\t\t\t\t<\/div>\r\n\t\t\t\t\t\t\t\t\t<\/div>\r\n\t\t\t<\/div>\r\n\t\t<\/div>\r\n\r\n\t\t[\/vc_column_inner][vc_column_inner width=&#8221;1\/3&#8243;]\t\t<div class=\"item-promo\">\r\n\t\t\t<div class=\"media\">\r\n\t\t\t\t\t\t\t\t<div class=\"item-promo-image\">\r\n\t\t\t\t\t<div class=\"item-media item-media-thumb\">\r\n\t\t\t\t\t\t<a href=\"https:\/\/www.spavital.org\">\r\n\t\t\t\t\t\t\t<img loading=\"lazy\" decoding=\"async\" width=\"644\" height=\"385\" src=\"https:\/\/livingpdl.pt\/wp-content\/uploads\/2025\/03\/image.png\" class=\"img-responsive\" alt=\"\" srcset=\"https:\/\/livingpdl.pt\/wp-content\/uploads\/2025\/03\/image.png 644w, https:\/\/livingpdl.pt\/wp-content\/uploads\/2025\/03\/image-300x179.png 300w\" sizes=\"(max-width: 644px) 100vw, 644px\" \/>\t\t\t\t\t\t<\/a>\r\n\t\t\t\t\t<\/div>\r\n\t\t\t\t<\/div>\r\n\t\t\t\t\t\t\t\t<div class=\"media-body item-body\">\r\n\t\t\t\t\t<div class=\"item-title-head\">\r\n\t\t\t\t\t\t<div class=\"text-left\">\r\n\t\t\t\t\t\t\t<h2 class=\"title\">\r\n\t\t\t\t\t\t\t\t<a href=\"https:\/\/www.spavital.org\">SPA Vital<\/a>\r\n\t\t\t\t\t\t\t<\/h2>\r\n\t\t\t\t\t\t\tSonderpreis f\u00fcr G\u00e4ste <a href=\"https:\/\/www.spavital.org\">https:\/\/www.spavital.org<\/a>\t\t\t\t\t\t<\/div>\r\n\t\t\t\t\t<\/div>\r\n\t\t\t\t\t\t\t\t\t<\/div>\r\n\t\t\t<\/div>\r\n\t\t<\/div>\r\n\r\n\t\t[\/vc_column_inner][vc_column_inner width=&#8221;1\/3&#8243;]\t\t<div class=\"item-promo\">\r\n\t\t\t<div class=\"media\">\r\n\t\t\t\t\t\t\t\t<div class=\"item-promo-image\">\r\n\t\t\t\t\t<div class=\"item-media item-media-thumb\">\r\n\t\t\t\t\t\t<a href=\"\">\r\n\t\t\t\t\t\t\t<img loading=\"lazy\" decoding=\"async\" width=\"870\" height=\"564\" src=\"https:\/\/livingpdl.pt\/wp-content\/uploads\/2025\/03\/image-2.png\" class=\"img-responsive\" alt=\"\" srcset=\"https:\/\/livingpdl.pt\/wp-content\/uploads\/2025\/03\/image-2.png 870w, https:\/\/livingpdl.pt\/wp-content\/uploads\/2025\/03\/image-2-300x194.png 300w, https:\/\/livingpdl.pt\/wp-content\/uploads\/2025\/03\/image-2-768x498.png 768w, https:\/\/livingpdl.pt\/wp-content\/uploads\/2025\/03\/image-2-771x500.png 771w, https:\/\/livingpdl.pt\/wp-content\/uploads\/2025\/03\/image-2-555x360.png 555w\" sizes=\"(max-width: 870px) 100vw, 870px\" \/>\t\t\t\t\t\t<\/a>\r\n\t\t\t\t\t<\/div>\r\n\t\t\t\t<\/div>\r\n\t\t\t\t\t\t\t\t<div class=\"media-body item-body\">\r\n\t\t\t\t\t<div class=\"item-title-head\">\r\n\t\t\t\t\t\t<div class=\"text-left\">\r\n\t\t\t\t\t\t\t<h2 class=\"title\">\r\n\t\t\t\t\t\t\t\t<a href=\"\">Farm\u00e1cia Vieira e Botelho<\/a>\r\n\t\t\t\t\t\t\t<\/h2>\r\n\t\t\t\t\t\t\t10% Rabatt f\u00fcr unsere G\u00e4ste\t\t\t\t\t\t<\/div>\r\n\t\t\t\t\t<\/div>\r\n\t\t\t\t\t\t\t\t\t<\/div>\r\n\t\t\t<\/div>\r\n\t\t<\/div>\r\n\r\n\t\t[\/vc_column_inner][\/vc_row_inner][vc_row_inner equal_height=&#8221;yes&#8221;][vc_column_inner width=&#8221;1\/3&#8243;]\t\t<div class=\"item-promo\">\r\n\t\t\t<div class=\"media\">\r\n\t\t\t\t\t\t\t\t<div class=\"item-promo-image\">\r\n\t\t\t\t\t<div class=\"item-media item-media-thumb\">\r\n\t\t\t\t\t\t<a href=\"http:\/\/www.azoresgolfislands.com\">\r\n\t\t\t\t\t\t\t<img loading=\"lazy\" decoding=\"async\" width=\"588\" height=\"330\" src=\"https:\/\/livingpdl.pt\/wp-content\/uploads\/2025\/03\/Azores-Golf-Islands-2.jpg\" class=\"img-responsive\" alt=\"\" srcset=\"https:\/\/livingpdl.pt\/wp-content\/uploads\/2025\/03\/Azores-Golf-Islands-2.jpg 588w, https:\/\/livingpdl.pt\/wp-content\/uploads\/2025\/03\/Azores-Golf-Islands-2-300x168.jpg 300w\" sizes=\"(max-width: 588px) 100vw, 588px\" \/>\t\t\t\t\t\t<\/a>\r\n\t\t\t\t\t<\/div>\r\n\t\t\t\t<\/div>\r\n\t\t\t\t\t\t\t\t<div class=\"media-body item-body\">\r\n\t\t\t\t\t<div class=\"item-title-head\">\r\n\t\t\t\t\t\t<div class=\"text-left\">\r\n\t\t\t\t\t\t\t<h2 class=\"title\">\r\n\t\t\t\t\t\t\t\t<a href=\"http:\/\/www.azoresgolfislands.com\">Azores Golf Islands<\/a>\r\n\t\t\t\t\t\t\t<\/h2>\r\n\t\t\t\t\t\t\t<\/p>\n<p class=\"v1MsoNormal\">Batalha Golf Course<br \/>\nRua do Bom Jesus, Aflitos, 9545-234 Fenais da Luz<br \/>\n(+351)\u00a0296\u00a0498\u00a0559<\/p>\n<p class=\"v1MsoNormal\">Furnas Golf Course<br \/>\nEstrada Regional do Norte, 9675-030 Furnas<br \/>\n(+351)\u00a0296\u00a0584\u00a0651<\/p>\n<p class=\"v1MsoNormal\">SONDERPREISE f\u00fcr G\u00e4STE (weitere Informationen in der Partnerschaftsbrosch\u00fcre)<\/p>\n<p class=\"v1MsoNormal\">Fragen Sie uns einfach, die Reservierung vorzunehmen. Die Bezahlung erfolgt direkt im Golfclub<\/p>\n<p>\t\t\t\t\t\t<\/div>\r\n\t\t\t\t\t<\/div>\r\n\t\t\t\t\t\t\t\t\t<\/div>\r\n\t\t\t<\/div>\r\n\t\t<\/div>\r\n\r\n\t\t[\/vc_column_inner][vc_column_inner width=&#8221;1\/3&#8243;]\t\t<div class=\"item-promo\">\r\n\t\t\t<div class=\"media\">\r\n\t\t\t\t\t\t\t\t<div class=\"item-promo-image\">\r\n\t\t\t\t\t<div class=\"item-media item-media-thumb\">\r\n\t\t\t\t\t\t<a href=\"http:\/\/www.sail4sailing.com\">\r\n\t\t\t\t\t\t\t<img loading=\"lazy\" decoding=\"async\" width=\"703\" height=\"346\" src=\"https:\/\/livingpdl.pt\/wp-content\/uploads\/2025\/03\/image-3.png\" class=\"img-responsive\" alt=\"\" srcset=\"https:\/\/livingpdl.pt\/wp-content\/uploads\/2025\/03\/image-3.png 703w, https:\/\/livingpdl.pt\/wp-content\/uploads\/2025\/03\/image-3-300x148.png 300w\" sizes=\"(max-width: 703px) 100vw, 703px\" \/>\t\t\t\t\t\t<\/a>\r\n\t\t\t\t\t<\/div>\r\n\t\t\t\t<\/div>\r\n\t\t\t\t\t\t\t\t<div class=\"media-body item-body\">\r\n\t\t\t\t\t<div class=\"item-title-head\">\r\n\t\t\t\t\t\t<div class=\"text-left\">\r\n\t\t\t\t\t\t\t<h2 class=\"title\">\r\n\t\t\t\t\t\t\t\t<a href=\"http:\/\/www.sail4sailing.com\">Sail4Sailing<\/a>\r\n\t\t\t\t\t\t\t<\/h2>\r\n\t\t\t\t\t\t\t<\/p>\n<div>\n<div>\n<p data-renderer-start-pos=\"3963\">7,5% Rabatt<\/p>\n<p data-renderer-start-pos=\"3982\">Privatyacht mit Skipper; Echte Segelerfahrung; Halt zum Schwimmen; Schnorcheln; Snacks und Getr\u00e4nke inklusive; Bis zu 6 Personen; Optional in unseren Segeltouren (SUP Paddle und Azoren-Spezial-Men\u00fc).<\/p>\n<p data-renderer-start-pos=\"4184\">Zur Buchung rufen Sie (+351) 910026195 (WhatsApp) an oder senden Sie eine E-Mail an <a href=\"mailto:booking@sail4sailing.com\" rel=\"noreferrer\">booking@sail4sailing.com<\/a><\/p>\n<\/div>\n<\/div>\n<p>\t\t\t\t\t\t<\/div>\r\n\t\t\t\t\t<\/div>\r\n\t\t\t\t\t\t\t\t\t<\/div>\r\n\t\t\t<\/div>\r\n\t\t<\/div>\r\n\r\n\t\t[\/vc_column_inner][vc_column_inner width=&#8221;1\/3&#8243;]\t\t<div class=\"item-promo\">\r\n\t\t\t<div class=\"media\">\r\n\t\t\t\t\t\t\t\t<div class=\"item-promo-image\">\r\n\t\t\t\t\t<div class=\"item-media item-media-thumb\">\r\n\t\t\t\t\t\t<a href=\"https:\/\/basalticazores.com\/\">\r\n\t\t\t\t\t\t\t<img loading=\"lazy\" decoding=\"async\" width=\"747\" height=\"285\" src=\"https:\/\/livingpdl.pt\/wp-content\/uploads\/2026\/03\/Captura-de-ecra-2026-03-23-as-09.25.29.png\" class=\"img-responsive\" alt=\"\" srcset=\"https:\/\/livingpdl.pt\/wp-content\/uploads\/2026\/03\/Captura-de-ecra-2026-03-23-as-09.25.29.png 747w, https:\/\/livingpdl.pt\/wp-content\/uploads\/2026\/03\/Captura-de-ecra-2026-03-23-as-09.25.29-300x114.png 300w\" sizes=\"(max-width: 747px) 100vw, 747px\" \/>\t\t\t\t\t\t<\/a>\r\n\t\t\t\t\t<\/div>\r\n\t\t\t\t<\/div>\r\n\t\t\t\t\t\t\t\t<div class=\"media-body item-body\">\r\n\t\t\t\t\t<div class=\"item-title-head\">\r\n\t\t\t\t\t\t<div class=\"text-left\">\r\n\t\t\t\t\t\t\t<h2 class=\"title\">\r\n\t\t\t\t\t\t\t\t<a href=\"https:\/\/basalticazores.com\/\">Basaltic Azores Adventures<\/a>\r\n\t\t\t\t\t\t\t<\/h2>\r\n\t\t\t\t\t\t\t<\/p>\n<p data-renderer-start-pos=\"1016\">15\u202f% RABATT F\u00dcR G\u00c4STE DES LIVING PDL<\/p>\n<p data-renderer-start-pos=\"1055\">F\u00fcr eine Reservierung besuchen Sie bitte <a class=\"_ymio1r31 _ypr0glyw _zcxs1o36 _mizu194a _1ah3dkaa _ra3xnqa1 _128mdkaa _1cvmnqa1 _4davt94y _4bfu18uv _1hms8stv _ajmmnqa1 _vchhusvi _kqswh2mm _ect4ttxp _syaz13af _1a3b18uv _4fpr8stv _5goinqa1 _f8pj13af _9oik18uv _1bnxglyw _jf4cnqa1 _30l313af _1nrm18uv _c2waglyw _1iohnqa1 _9h8h12zz _10531ra0 _1ien1ra0 _n0fx1ra0 _1vhv17z1\" title=\"https:\/\/basalticazores.com\" href=\"https:\/\/basalticazores.com\/\" data-renderer-mark=\"true\">https:\/\/basalticazores.com<\/a> und verwenden Sie den Code LivingPDL26 beim Bezahlen<\/p>\n<p>\t\t\t\t\t\t<\/div>\r\n\t\t\t\t\t<\/div>\r\n\t\t\t\t\t\t\t\t\t<\/div>\r\n\t\t\t<\/div>\r\n\t\t<\/div>\r\n\r\n\t\t[\/vc_column_inner][\/vc_row_inner][vc_row_inner equal_height=&#8221;yes&#8221;][vc_column_inner width=&#8221;1\/3&#8243;]\t\t<div class=\"item-promo\">\r\n\t\t\t<div class=\"media\">\r\n\t\t\t\t\t\t\t\t<div class=\"item-promo-image\">\r\n\t\t\t\t\t<div class=\"item-media item-media-thumb\">\r\n\t\t\t\t\t\t<a href=\"https:\/\/www.futurismo.pt\/de\/\">\r\n\t\t\t\t\t\t\t<img loading=\"lazy\" decoding=\"async\" width=\"504\" height=\"125\" src=\"https:\/\/livingpdl.pt\/wp-content\/uploads\/2026\/03\/AAFuturismo_logo.png\" class=\"img-responsive\" alt=\"\" srcset=\"https:\/\/livingpdl.pt\/wp-content\/uploads\/2026\/03\/AAFuturismo_logo.png 504w, https:\/\/livingpdl.pt\/wp-content\/uploads\/2026\/03\/AAFuturismo_logo-300x74.png 300w\" sizes=\"(max-width: 504px) 100vw, 504px\" \/>\t\t\t\t\t\t<\/a>\r\n\t\t\t\t\t<\/div>\r\n\t\t\t\t<\/div>\r\n\t\t\t\t\t\t\t\t<div class=\"media-body item-body\">\r\n\t\t\t\t\t<div class=\"item-title-head\">\r\n\t\t\t\t\t\t<div class=\"text-left\">\r\n\t\t\t\t\t\t\t<h2 class=\"title\">\r\n\t\t\t\t\t\t\t\t<a href=\"https:\/\/www.futurismo.pt\/de\/\">Azores Golf Islands<\/a>\r\n\t\t\t\t\t\t\t<\/h2>\r\n\t\t\t\t\t\t\t10\u202f%* RABATT F\u00dcR G\u00c4STE DES LIVING PDL<\/p>\n<p>*au\u00dfer Canyoning und Coasteering<\/p>\n<p>Bootstouren \/ Wal- und Delfinbeobachtung \/ Kajak und SUP \/ Canyoning \/ Coasteering \/ Wanderwege \/ Jeep-Touren \/ Fahrradtouren<\/p>\n<p>Um eine Buchung vorzunehmen, besuchen Sie <a href=\"https:\/\/www.futurismo.pt\/de\/\">https:\/\/www.futurismo.pt\/de\/<\/a> und geben Sie beim Checkout den Aktionscode livingpdl ein\t\t\t\t\t\t<\/div>\r\n\t\t\t\t\t<\/div>\r\n\t\t\t\t\t\t\t\t\t<\/div>\r\n\t\t\t<\/div>\r\n\t\t<\/div>\r\n\r\n\t\t[\/vc_column_inner][vc_column_inner width=&#8221;1\/3&#8243;][\/vc_column_inner][vc_column_inner width=&#8221;1\/3&#8243;][\/vc_column_inner][\/vc_row_inner][\/vc_column][\/vc_row][vc_row][vc_column]<div style=\"clear:both; width:100%; height:50px\"><\/div>\t\t<div class=\"homey-module module-title section-title-module text-center \">\r\n\t\t\t<h2 >HAFTUNGSAUSSCHLUSS<\/h2>\r\n\r\n\t\t\t<p  class=\"sub-heading\"><\/p>\r\n\t\t<\/div>\r\n\t\t[vc_column_text]<\/p>\n<p data-renderer-start-pos=\"5938\">Reservierungen unterliegen der Verf\u00fcgbarkeit des Dienstes, und die Bedingungen werden von den Dienstleistern festgelegt.<\/p>\n<p data-renderer-start-pos=\"6086\">Wir stellen lediglich die Kontaktdaten der Dienstleister zur Verf\u00fcgung. Daher erfolgen die Kontaktaufnahme und Buchungen direkt zwischen den G\u00e4sten und den Dienstleistern.<\/p>\n<p data-renderer-start-pos=\"6260\">Die Preise werden von den Dienstleistern festgelegt, und Zahlungen erfolgen direkt mit diesen.<\/p>\n<p data-renderer-start-pos=\"6357\">Wir sind vollst\u00e4ndig unbeteiligt und \u00fcbernehmen keine Verantwortung f\u00fcr Unannehmlichkeiten oder Vorf\u00e4lle, die w\u00e4hrend einer Aktivit\u00e4t auftreten k\u00f6nnen.<\/p>\n<p>[\/vc_column_text]<div style=\"clear:both; width:100%; height:50px\"><\/div>[\/vc_column][\/vc_row]<\/p>\n","protected":false},"excerpt":{"rendered":"<p>[vc_row][vc_column][vc_row_inner equal_height=&#8221;yes&#8221;][vc_column_inner width=&#8221;1\/3&#8243;][\/vc_column_inner][vc_column_inner width=&#8221;1\/3&#8243;][\/vc_column_inner][vc_column_inner width=&#8221;1\/3&#8243;][\/vc_column_inner][\/vc_row_inner][vc_row_inner equal_height=&#8221;yes&#8221;][vc_column_inner width=&#8221;1\/3&#8243;][\/vc_column_inner][vc_column_inner width=&#8221;1\/3&#8243;][\/vc_column_inner][vc_column_inner width=&#8221;1\/3&#8243;][\/vc_column_inner][\/vc_row_inner][vc_row_inner equal_height=&#8221;yes&#8221;][vc_column_inner width=&#8221;1\/3&#8243;][\/vc_column_inner][vc_column_inner width=&#8221;1\/3&#8243;][\/vc_column_inner][vc_column_inner width=&#8221;1\/3&#8243;][\/vc_column_inner][\/vc_row_inner][\/vc_column][\/vc_row][vc_row][vc_column][vc_column_text] Reservierungen unterliegen der Verf\u00fcgbarkeit des Dienstes, und die Bedingungen werden von den Dienstleistern festgelegt. Wir stellen lediglich die Kontaktdaten der Dienstleister zur Verf\u00fcgung. Daher erfolgen die Kontaktaufnahme und Buchungen direkt zwischen den G\u00e4sten und den Dienstleistern. Die Preise werden von den Dienstleistern [&hellip;]<\/p>\n","protected":false},"author":1,"featured_media":0,"parent":0,"menu_order":0,"comment_status":"closed","ping_status":"closed","template":"template\/template-homepage.php","meta":{"inline_featured_image":false,"footnotes":"","_joinchat":[]},"_links":{"self":[{"href":"https:\/\/livingpdl.pt\/de\/wp-json\/wp\/v2\/pages\/3050"}],"collection":[{"href":"https:\/\/livingpdl.pt\/de\/wp-json\/wp\/v2\/pages"}],"about":[{"href":"https:\/\/livingpdl.pt\/de\/wp-json\/wp\/v2\/types\/page"}],"author":[{"embeddable":true,"href":"https:\/\/livingpdl.pt\/de\/wp-json\/wp\/v2\/users\/1"}],"replies":[{"embeddable":true,"href":"https:\/\/livingpdl.pt\/de\/wp-json\/wp\/v2\/comments?post=3050"}],"version-history":[{"count":14,"href":"https:\/\/livingpdl.pt\/de\/wp-json\/wp\/v2\/pages\/3050\/revisions"}],"predecessor-version":[{"id":3184,"href":"https:\/\/livingpdl.pt\/de\/wp-json\/wp\/v2\/pages\/3050\/revisions\/3184"}],"wp:attachment":[{"href":"https:\/\/livingpdl.pt\/de\/wp-json\/wp\/v2\/media?parent=3050"}],"curies":[{"name":"wp","href":"https:\/\/api.w.org\/{rel}","templated":true}]}}