{"id":2302,"date":"2021-02-10T16:06:46","date_gmt":"2021-02-10T16:06:46","guid":{"rendered":"https:\/\/livingpdl.pt\/?page_id=2302"},"modified":"2025-02-24T15:03:51","modified_gmt":"2025-02-24T15:03:51","slug":"terms-and-conditions","status":"publish","type":"page","link":"https:\/\/livingpdl.pt\/es\/terms-and-conditions\/","title":{"rendered":"T\u00e9rminos y Condiciones"},"content":{"rendered":"<p class=\"p1\">\u00a0<\/p>\n<ul class=\"ul1\">\n<li class=\"li1\"><b>Objetivos y Consideraciones Generales<\/b> Estos T\u00e9rminos y Condiciones tienen como objetivo regular los T\u00e9rminos y Condiciones por los cuales el sitio web www.livingpdl.pt, propiedad de Maria da Luz Vieira Cabral de Melo Amaral, con n\u00famero de identificaci\u00f3n fiscal 103414436, denominado Living PDL, se regir\u00e1. Se aplicar\u00e1n desde el momento en que se solicite la reserva hasta que finalice el periodo de alojamiento en Living PDL.<br \/>Los T\u00e9rminos y Condiciones presentados se aplican a la relaci\u00f3n entre el hu\u00e9sped visitante, denominado en adelante como Cliente, y Living PDL, las funcionalidades y normas del sitio web, as\u00ed como las normas relativas a la estad\u00eda, en particular en lo que respecta al funcionamiento, horarios y servicios ofrecidos, as\u00ed como otras informaciones relevantes.<br \/>El uso del sitio web de Living PDL implica la aceptaci\u00f3n plena de todos los par\u00e1metros establecidos en estos T\u00e9rminos y Condiciones, as\u00ed como de la Pol\u00edtica de Privacidad y Cookies vigente que se presenta en el sitio web. Si no acepta, parcial o totalmente, cualquiera de las condiciones establecidas, no debe realizar ninguna acci\u00f3n en el sitio web.<br \/>Living PDL se reserva el derecho de actualizar, modificar, eliminar o cambiar cualquier contenido de los T\u00e9rminos y Condiciones, as\u00ed como del sitio web sin previo aviso. Se recomienda revisar peri\u00f3dicamente los T\u00e9rminos y Condiciones para comprobar cualquier modificaci\u00f3n o actualizaci\u00f3n.<br \/>En las situaciones no previstas en los T\u00e9rminos y Condiciones, se recurrir\u00e1 a la legislaci\u00f3n aplicable.<\/li>\n<li class=\"li1\"><b>Precios<\/b> Todos los precios en el sitio web se presentan por apartamento para la estad\u00eda completa, incluyendo IVA e impuestos, a menos que se indique lo contrario en el sitio web o en el correo electr\u00f3nico de confirmaci\u00f3n. En ocasiones, hay tarifas m\u00e1s econ\u00f3micas disponibles en nuestro sitio web, todo depende de diferentes variables, como el r\u00e9gimen seleccionado o el per\u00edodo de estad\u00eda. Por favor, revise cuidadosamente la descripci\u00f3n y tarifa de la habitaci\u00f3n antes de realizar su reserva.<br \/>\u2022 El precio de la estad\u00eda a pagar por el Cliente constituye la contraprestaci\u00f3n por el uso del alojamiento durante el per\u00edodo comprendido entre la llegada y la salida.<br \/>\u2022 Los precios publicados pueden ser modificados sin previo aviso.<br \/>\u2022 No se cobrar\u00e1 la estad\u00eda de ni\u00f1os menores de 2 a\u00f1os, siempre que est\u00e9n acompa\u00f1ados por los adultos responsables. Living PDL debe ser informado siempre de la inclusi\u00f3n de un ni\u00f1o en la reserva para proceder a adaptar el alojamiento, si es necesario.<br \/>\u2022 Living PDL tiene derecho a rescindir el contrato de alojamiento si el Cliente no paga total y puntualmente el precio cuando sea debido.<\/li>\n<li class=\"li1\"><b>Condiciones de Pago<\/b> El pago del importe del alojamiento durante la estad\u00eda y otros servicios deber\u00e1 realizarse en el momento de la confirmaci\u00f3n de la reserva.<br \/>Este valor, al igual que el valor de cancelaci\u00f3n, se mencionar\u00e1 en el momento de la reserva y puede variar seg\u00fan la tarifa promocional o el tipo de alojamiento elegido por el Cliente.<br \/>Living PDL acepta los siguientes m\u00e9todos de pago:<br \/>\u2022 <b>Tarjeta de Cr\u00e9dito<\/b>: Con este m\u00e9todo de pago, Living PDL le solicitar\u00e1 los datos de su tarjeta para garantizar su reserva. Todos los pagos ser\u00e1n procesados de manera segura, y el tratamiento de los datos proporcionados se realizar\u00e1 de forma confidencial e intransferible. Los cargos a las tarjetas de cr\u00e9dito ser\u00e1n efectuados exclusivamente por Living PDL. Living PDL se compromete a responder a cualquier solicitud que el titular de la tarjeta realice en un plazo m\u00e1ximo de dos d\u00edas. Living PDL recomienda conservar una copia con los datos de la transacci\u00f3n para futuras consultas si es necesario. La transacci\u00f3n ser\u00e1 realizada por Maria da Luz Vieira Cabral de Melo Amaral, tras la confirmaci\u00f3n de la reserva. Living PDL asegura la devoluci\u00f3n del importe de la reserva en caso de ejercicio v\u00e1lido del derecho de retractaci\u00f3n del consumidor, si es aplicable, seg\u00fan lo definido en la legislaci\u00f3n de Defensa del Consumidor.<br \/>\u2022 <b>Multibanco<\/b>: Al seleccionar este m\u00e9todo de pago al hacer la reserva, se generar\u00e1 autom\u00e1ticamente una referencia Multibanco que se enviar\u00e1 al Cliente por correo electr\u00f3nico en la confirmaci\u00f3n de la reserva. Este m\u00e9todo requiere el pago de la reserva dentro de las 24 horas siguientes a su efectividad; de lo contrario, Living PDL podr\u00e1 cancelar la reserva. Este m\u00e9todo de pago es v\u00e1lido solo en Portugal.<br \/>\u2022 <b>Transferencia Bancaria<\/b>: Si esta es la opci\u00f3n de pago elegida, el Cliente recibir\u00e1 el NIB de la cuenta bancaria para hacer la transferencia en el correo electr\u00f3nico de confirmaci\u00f3n de la reserva. El Cliente deber\u00e1 confirmar el pago enviando el comprobante por correo electr\u00f3nico a living.pdelgada@gmail.com. Este m\u00e9todo requiere el pago dentro de las 24 horas siguientes a la efectividad de la reserva, de lo contrario, Living PDL podr\u00e1 cancelarla.<\/li>\n<li class=\"li1\"><b>Pol\u00edtica de Cancelaci\u00f3n<\/b> La pol\u00edtica de cancelaci\u00f3n es com\u00fan a todas las reservas realizadas en el sitio web, aplic\u00e1ndose a todas las reservas con dep\u00f3sito obligatorio.<br \/>\u2022 Si no se presenta en el alojamiento el primer d\u00eda de la reserva sin previo aviso, Living PDL se reserva el derecho de cancelar la reserva y podr\u00e1 aplicar una penalizaci\u00f3n de hasta el 100% de la reserva.<br \/>\u2022 Para modificaciones de la reserva, pueden aplicarse tarifas.<br \/>\u2022 En caso de cancelaci\u00f3n o no presentaci\u00f3n en el alojamiento, se cobrar\u00e1 el total de la reserva.<br \/>\u2022 <b>Reglas y Plazos de Entrega<\/b>: Living PDL se compromete a ofrecer el servicio contratado tan pronto como se complete el proceso de reserva en un plazo m\u00e1ximo de 24 horas. Living PDL ofrece al Cliente la posibilidad de cancelar la reserva mediante el derecho de resoluci\u00f3n libre, siempre que sea dentro del per\u00edodo legal (14 d\u00edas calendario), sin necesidad de justificaci\u00f3n ni costo. Living PDL se compromete a reembolsar el importe cobrado en caso de una cancelaci\u00f3n v\u00e1lida seg\u00fan lo indicado en el punto anterior.<br \/>\u2022 Living PDL tiene derecho a rescindir el contrato de alojamiento si el Cliente no paga total y puntualmente el precio cuando sea debido.<br \/>\u2022 Cualquiera de las partes contratantes puede rescindir el contrato de alojamiento de forma inmediata por justa causa, seg\u00fan las cl\u00e1usulas anteriores.<br \/>\u2022 Living PDL tambi\u00e9n podr\u00e1 rescindir inmediatamente el contrato de alojamiento por justa causa si el Cliente tiene comportamientos que afecten la convivencia, la tranquilidad o la higiene del alojamiento, en particular si durante su estad\u00eda el Cliente est\u00e1 bajo el influjo de drogas o alcohol, usa el alojamiento para pr\u00e1cticas de prostituci\u00f3n, act\u00faa de manera ofensiva hacia el personal del alojamiento, perturba la paz de otros clientes del edificio, o si en el pasado ha hecho reservas falsas de mala fe y\/o ha da\u00f1ado o destruido el alojamiento o sus instalaciones.<br \/>\u2022 A pesar de las condiciones generales y la pol\u00edtica de cancelaci\u00f3n ya descritas, pueden existir condiciones espec\u00edficas indicadas en la reserva.<\/li>\n<li class=\"li1\"><b>Check-In y Check-Out<\/b> \u2022 Living PDL ofrece el alojamiento a partir de las 16:00 horas del d\u00eda de llegada.<br \/>\u2022 Antes de la llegada (check-in), el Cliente deber\u00e1 devolver el cuestionario de check-in que se le haya enviado, debidamente cumplimentado con los datos de identificaci\u00f3n, nacionalidad y residencia, as\u00ed como proporcionar los documentos de identificaci\u00f3n, como el carnet de identidad o el pasaporte, si se solicita.<br \/>\u2022 El Cliente debe indicar siempre, cuando sea posible, la hora de llegada.<br \/>\u2022 Si el Cliente desea hacer el check-in antes de la hora indicada, deber\u00e1 contactar con Living PDL para verificar si es posible en la fecha indicada. Si no es posible, podr\u00e1 dejar las maletas en un lugar adecuado para ello.<br \/>\u2022 El Cliente debe dejar el alojamiento desocupado de personas y bienes, y sin da\u00f1os, antes de las 11:00 horas del d\u00eda de salida.<br \/>\u2022 Si el Cliente desea un &#8220;late check-out&#8221;, deber\u00e1 contactar con Living PDL con la m\u00e1xima antelaci\u00f3n posible para verificar la disponibilidad. El &#8220;late check-out&#8221; est\u00e1 sujeto a disponibilidad y tendr\u00e1 un costo adicional del 30% sobre el valor de la tarifa diaria de la reserva.<br \/>\u2022 Si el alojamiento no es desocupado a la hora indicada en estos T\u00e9rminos y Condiciones, sin justificaci\u00f3n o consentimiento previo de Living PDL, se cobrar\u00e1 una compensaci\u00f3n equivalente al precio de una noche, y el Cliente solo podr\u00e1 usar el alojamiento durante ese per\u00edodo si hay disponibilidad.<\/li>\n<li class=\"li1\"><b>Limpieza, Toallas y Ropa de Cama<\/b> \u2022 Al hacer el check-in, el apartamento estar\u00e1 completamente limpio y desinfectado, y se proporcionar\u00e1n toallas de ba\u00f1o (de ba\u00f1o) y de playa para todos los hu\u00e9spedes.<br \/>\u2022 No se permite usar las toallas de ba\u00f1o fuera de las instalaciones de Living PDL.<br \/>\u2022 En playas, zonas de ba\u00f1o o zonas termales, se pueden usar las toallas de playa proporcionadas por Living PDL para este fin.<br \/>\u2022 Se proporciona ropa de cama y almohadas completamente limpias y desinfectadas. Las camas ya estar\u00e1n hechas y listas para usar en el momento del check-in.<br \/>\u2022 Si es necesario, el Cliente puede solicitar el cambio de la ropa de cama y las toallas.<br \/>\u2022 Si por alg\u00fan motivo imprevisto se necesita una intervenci\u00f3n de limpieza, deber\u00e1 ser programada con el personal de limpieza. Living PDL se compromete a realizar la limpieza en el menor tiempo posible.<\/li>\n<li class=\"li1\"><b>Acceso al Apartamento por parte de Living PDL<\/b><br \/>\u2022 Living PDL y su personal nunca entrar\u00e1n en el apartamento sin el consentimiento del Cliente y sin aviso y programaci\u00f3n previos.<br \/>\u2022 En caso de ser necesarias reparaciones o limpieza adicional, estas deber\u00e1n ser solicitadas y programadas entre el Cliente y Living PDL.<\/li>\n<li class=\"li1\"><b>Reclamaciones Relacionadas con Defectos de Material<\/b><br \/>\u2022 El Cliente debe inspeccionar el apartamento al llegar e informar de inmediato cualquier defecto encontrado a Living PDL.<br \/>\u2022 Cualquier defecto que surja durante la estad\u00eda debe ser comunicado a Living PDL tan pronto como el Cliente se d\u00e9 cuenta de ello.<br \/>\u2022 Living PDL intentar\u00e1 corregir los defectos o da\u00f1os identificados lo antes posible.<br \/>\u2022 Si Living PDL no puede reparar el defecto relevante o cambiar el apartamento por otro de categor\u00eda equivalente, el Cliente podr\u00e1 rescindir el contrato y recibir el precio pagado por el apartamento, sin derecho a exigir nada m\u00e1s a Living PDL.<br \/>\u2022 No obstante, si los defectos no son graves y no afectan el nivel de servicio y calidad, quejas irrelevantes, irrazonables o relacionadas con detalles que no interfieren con el nivel m\u00ednimo del servicio contratado no obligar\u00e1n a Living PDL a tomar medidas.<\/li>\n<li class=\"li1\"><b>Responsabilidad de Living PDL<\/b> \u2022 Living PDL es responsable de garantizar las condiciones adecuadas de higiene, limpieza y seguridad del alojamiento.<br \/>\u2022 Living PDL no se hace responsable de los bienes personales que puedan desaparecer dentro del apartamento.<br \/>\u2022 Living PDL no asume ninguna responsabilidad por da\u00f1os o accidentes personales ocurridos en cualquier parte del apartamento, salvo que dichos accidentes se deban a acciones negligentes por parte de Living PDL.<\/li>\n<li class=\"li1\"><b>Derechos y Obligaciones del Cliente(s)<\/b> <b>Derechos del Cliente<\/b><br \/>\u2022 Confidencialidad por parte de Living PDL en cuanto al uso de los datos personales del Cliente(s).<br \/>\u2022 Organizaci\u00f3n y limpieza del apartamento.<br \/>\u2022 Wi-Fi gratuito.<\/li>\n<\/ul>\n<p class=\"p1\"><b>Obligaciones del Cliente<\/b><br \/>\u2022 Respetar las reglas establecidas para colaborar en el cumplimiento de estos T\u00e9rminos y Condiciones.<br \/>\u2022 Honrar la dignidad personal de los empleados, propietarios y\/o dem\u00e1s personas.<br \/>\u2022 En caso de robo, da\u00f1os a la propiedad, incendio, inundaciones, anomal\u00edas o deficiencias del alojamiento, as\u00ed como durante la estad\u00eda en general, el Cliente debe informar inmediatamente a Living PDL para que se solucionen lo antes posible.<br \/>\u2022 Utilizar el Living PDL, apartamento y espacios de manera adecuada y cuidadosa, asumiendo la responsabilidad por cualquier da\u00f1o ocasionado en el alojamiento.<br \/>\u2022 No apropiarse de los bienes pertenecientes al alojamiento.<\/p>\n<ul class=\"ul1\">\n<li class=\"li1\"><b>Reglas<\/b><br \/>\u2022 El\/La Cliente no debe utilizar aparatos que puedan poner en peligro la seguridad de las personas y las instalaciones de Living PDL.<br \/>\u2022 Est\u00e1 prohibido fumar dentro de Living PDL.<br \/>\u2022 No se permiten armas o instrumentos cortantes que puedan poner en peligro la vida de la persona o de los dem\u00e1s.<br \/>\u2022 Por respeto y consideraci\u00f3n a los alojamientos vecinos, no est\u00e1 permitido hacer ruido ni realizar actividades que generen ruido entre las 23:00 horas y las 07:00 horas.<br \/>\u2022 No se permiten fiestas.<br \/>\u2022 No se permite la entrada de personas ajenas a la reserva, excepto en casos especiales con autorizaci\u00f3n previa de la gerencia.<br \/>\u2022 Los ni\u00f1os menores de 12 a\u00f1os deben estar supervisados en todo momento por un adulto responsable durante su estad\u00eda en el alojamiento.<br \/>\u2022 No se permiten animales.<\/li>\n<li class=\"li1\"><b>Da\u00f1os y P\u00e9rdidas en la Propiedad<\/b> El Cliente deber\u00e1 indemnizar a Living PDL por cualquier da\u00f1o causado en el alojamiento y\/o en sus instalaciones\/\u00e1reas de soporte, as\u00ed como por da\u00f1os derivados del incumplimiento de las obligaciones establecidas en estos T\u00e9rminos y Condiciones, incluidos honorarios legales y costes judiciales.<\/li>\n<li class=\"li1\"><b>Reclamaciones<\/b> Living PDL dispone de un libro de reclamaciones.<\/li>\n<li class=\"li1\"><b>Informaci\u00f3n Complementaria<\/b> Es responsabilidad del Cliente informar a Living PDL sobre el n\u00famero de personas (adultos y ni\u00f1os) que ocupar\u00e1n el alojamiento.<br \/>Si se presentan m\u00e1s personas de las estipuladas en la reserva, la entrada del Cliente podr\u00e1 ser rechazada sin derecho a reembolso.<\/li>\n<li class=\"li1\"><b>Disposiciones Legales<\/b> \u2022 No se ha alcanzado ning\u00fan acuerdo verbal en el contrato de alojamiento; cualquier modificaci\u00f3n al contrato entre las partes debe estar necesariamente en un documento escrito y firmado por ambas, salvo si se trata de una declaraci\u00f3n unilateral, en cuyo caso debe constar en un documento escrito firmado por el emisor.<br \/>\u2022 Living PDL tendr\u00e1 el derecho de delegar el cumplimiento de sus obligaciones a terceros en el marco del contrato de alojamiento.<br \/>\u2022 La nulidad de una o m\u00e1s disposiciones anteriores no afectar\u00e1 la validez de las disposiciones restantes. La disposici\u00f3n inv\u00e1lida ser\u00e1 reemplazada por una disposici\u00f3n v\u00e1lida que se acerque m\u00e1s a las intenciones comerciales y legales de las partes o, si esto no es posible, por la legislaci\u00f3n portuguesa vigente.<\/li>\n<\/ul>\n<p class=\"p1\">A menos que se indique lo contrario, el software necesario para nuestros servicios, disponible o utilizado en nuestro sitio web, y los derechos de propiedad intelectual (incluyendo derechos de autor) del contenido, la informaci\u00f3n y el material de nuestro sitio web son propiedad de Maria da Luz Vieira Cabral de Melo Amaral, sus proveedores o proveedores. Dentro de los l\u00edmites permitidos por la ley, estos t\u00e9rminos y condiciones y la prestaci\u00f3n de nuestros servicios estar\u00e1n regidos por la ley portuguesa, y cualquier disputa derivada de estos t\u00e9rminos y condiciones generales y nuestros servicios se someter\u00e1 a los tribunales competentes de Ponta Delgada, Portugal.<\/p>\n","protected":false},"excerpt":{"rendered":"<p>\u00a0 Objetivos y Consideraciones Generales Estos T\u00e9rminos y Condiciones tienen como objetivo regular los T\u00e9rminos y Condiciones por los cuales el sitio web www.livingpdl.pt, propiedad de Maria da Luz Vieira Cabral de Melo Amaral, con n\u00famero de identificaci\u00f3n fiscal 103414436, denominado Living PDL, se regir\u00e1. Se aplicar\u00e1n desde el momento en que se solicite la [&hellip;]<\/p>\n","protected":false},"author":1,"featured_media":0,"parent":0,"menu_order":0,"comment_status":"closed","ping_status":"open","template":"","meta":{"inline_featured_image":false,"footnotes":"","_joinchat":[]},"_links":{"self":[{"href":"https:\/\/livingpdl.pt\/es\/wp-json\/wp\/v2\/pages\/2302"}],"collection":[{"href":"https:\/\/livingpdl.pt\/es\/wp-json\/wp\/v2\/pages"}],"about":[{"href":"https:\/\/livingpdl.pt\/es\/wp-json\/wp\/v2\/types\/page"}],"author":[{"embeddable":true,"href":"https:\/\/livingpdl.pt\/es\/wp-json\/wp\/v2\/users\/1"}],"replies":[{"embeddable":true,"href":"https:\/\/livingpdl.pt\/es\/wp-json\/wp\/v2\/comments?post=2302"}],"version-history":[{"count":1,"href":"https:\/\/livingpdl.pt\/es\/wp-json\/wp\/v2\/pages\/2302\/revisions"}],"predecessor-version":[{"id":2829,"href":"https:\/\/livingpdl.pt\/es\/wp-json\/wp\/v2\/pages\/2302\/revisions\/2829"}],"wp:attachment":[{"href":"https:\/\/livingpdl.pt\/es\/wp-json\/wp\/v2\/media?parent=2302"}],"curies":[{"name":"wp","href":"https:\/\/api.w.org\/{rel}","templated":true}]}}