{"id":2860,"date":"2025-02-24T15:52:24","date_gmt":"2025-02-24T15:52:24","guid":{"rendered":"https:\/\/livingpdl.pt\/?page_id=2860"},"modified":"2025-04-17T08:09:42","modified_gmt":"2025-04-17T08:09:42","slug":"destino","status":"publish","type":"page","link":"https:\/\/livingpdl.pt\/es\/destino\/","title":{"rendered":"DESTINO"},"content":{"rendered":"<p>[vc_row css=&#8221;.vc_custom_1540484653733{margin-bottom: 30px !important;padding-right: 30px !important;padding-left: 30px !important;background-color: #ffffff !important;}&#8221;][vc_column][vc_empty_space height=&#8221;50px&#8221;]\t\t<div class=\"homey-module module-title section-title-module text-left \">\r\n\t\t\t<h2 >Ponta Delgada<\/h2>\r\n\r\n\t\t\t<p  class=\"sub-heading\"><\/p>\r\n\t\t<\/div>\r\n\t\t[vc_row_inner equal_height=&#8221;yes&#8221;][vc_column_inner width=&#8221;1\/2&#8243;][vc_column_text]<\/p>\n<p align=\"justify\"><span style=\"font-family: Verdana, serif;\"><span style=\"font-size: small;\">Ponta Delgada es la encantadora capital de la isla de S\u00e3o Miguel, situada en el archipi\u00e9lago de las Azores, Portugal. Con una mezcla \u00fanica de historia, cultura y belleza natural deslumbrante, esta pintoresca ciudad es un destino imprescindible para los viajeros que buscan explorar las maravillas del Atl\u00e1ntico.<\/span><\/span><\/p>\n<p align=\"justify\"><span style=\"font-family: Verdana, serif;\"><span style=\"font-size: small;\">Con sus calles de adoquinado tradicional y arquitectura hist\u00f3rica, Ponta Delgada cautiva a los visitantes desde el primer momento. Su centro hist\u00f3rico est\u00e1 marcado por edificios elegantes, iglesias antiguas y plazas pintorescas, donde se puede sentir la atm\u00f3sfera encantadora y acogedora de la ciudad.<\/span><\/span><\/p>\n<p align=\"justify\"><span style=\"font-family: Verdana, serif;\"><span style=\"font-size: small;\">Adem\u00e1s de su encanto hist\u00f3rico, Ponta Delgada tambi\u00e9n ofrece una variedad de actividades al aire libre y aventuras en la naturaleza.<\/span><\/span><\/p>\n<p align=\"justify\"><span style=\"font-family: Verdana, serif;\"><span style=\"font-size: small;\">La gastronom\u00eda es otra atracci\u00f3n imperdible en Ponta Delgada, con una variedad de platos tradicionales de las Azores para degustar.<\/span><\/span><\/p>\n<p align=\"justify\"><span style=\"font-family: Verdana, serif;\"><span style=\"font-size: small;\">Con su ambiente vibrante y rica herencia cultural, Ponta Delgada es una joya de las Azores que cautiva los corazones y las mentes de todos los que la visitan.<\/span><\/span><\/p>\n<p>[\/vc_column_text][\/vc_column_inner][vc_column_inner width=&#8221;1\/2&#8243;][vc_images_carousel images=&#8221;3100,3117,3116,3115,3114,3113,3112,3111,3110,3109,3108,3107,3106,3105,3104,3103,3102,3101&#8243; img_size=&#8221;full&#8221;][\/vc_column_inner][\/vc_row_inner][\/vc_column][\/vc_row][vc_row css=&#8221;.vc_custom_1540484653733{margin-bottom: 30px !important;padding-right: 30px !important;padding-left: 30px !important;background-color: #ffffff !important;}&#8221;][vc_column][vc_empty_space height=&#8221;50px&#8221;]\t\t<div class=\"homey-module module-title section-title-module text-left \">\r\n\t\t\t<h2 >S\u00e3o Miguel<\/h2>\r\n\r\n\t\t\t<p  class=\"sub-heading\"><\/p>\r\n\t\t<\/div>\r\n\t\t[vc_row_inner equal_height=&#8221;yes&#8221;][vc_column_inner width=&#8221;1\/2&#8243;][vc_column_text]<\/p>\n<p align=\"justify\"><span style=\"font-family: Verdana, serif;\"><span style=\"font-size: small;\">La isla de S\u00e3o Miguel, en los Azores, es un para\u00edso natural de belleza indescriptible. Conocida como la &#8220;isla verde&#8221;, S\u00e3o Miguel es la isla m\u00e1s grande y poblada del archipi\u00e9lago, ofreciendo una combinaci\u00f3n \u00fanica de paisajes impresionantes, actividades al aire libre y una rica herencia cultural.<\/span><\/span><\/p>\n<p align=\"justify\"><span style=\"font-family: Verdana, serif;\"><span style=\"font-size: small;\">Con su geograf\u00eda impresionante, S\u00e3o Miguel es un verdadero para\u00edso para los amantes de la naturaleza. Desde sus magn\u00edficas lagunas volc\u00e1nicas, como la Lagoa das Sete Cidades y la Lagoa do Fogo, hasta sus impresionantes acantilados costeros y calas aisladas, cr\u00e1teres, cascadas y miradores con vistas panor\u00e1micas impresionantes, la isla ofrece una diversidad de escenarios que sorprenden en cada curva del camino.<\/span><\/span><\/p>\n<p align=\"justify\"><span style=\"font-family: Verdana, serif;\"><span style=\"font-size: small;\">Adem\u00e1s de su belleza natural, S\u00e3o Miguel tambi\u00e9n es un destino popular para actividades al aire libre. Los visitantes pueden explorar una variedad de senderos que serpentean a trav\u00e9s de bosques exuberantes, campos verdes y pintorescos pastos. La isla tambi\u00e9n es un para\u00edso para los entusiastas de los deportes acu\u00e1ticos, ofreciendo excelentes condiciones para el surf, el buceo, la pesca y la observaci\u00f3n de ballenas y delfines, o simplemente relajarse en las playas de arena negra o en las piscinas naturales.<\/span><\/span><\/p>\n<p align=\"justify\"><span style=\"font-family: Verdana, serif;\"><span style=\"font-size: small;\">La cultura azoriana florece en S\u00e3o Miguel, evidente en sus fiestas tradicionales, m\u00fasica folcl\u00f3rica y gastronom\u00eda \u00fanica. Los visitantes pueden saborear platos deliciosos como el &#8220;cozido das Furnas&#8221;, preparado en las calderas volc\u00e1nicas de la isla, o disfrutar de una comida de pescado fresco y mariscos en los restaurantes locales. Con su atm\u00f3sfera relajante y acogedora, S\u00e3o Miguel es un refugio perfecto para aquellos que buscan escapar del estr\u00e9s de la vida cotidiana y reconectarse con la naturaleza. Cada rinc\u00f3n de la isla guarda una sorpresa, invitando a los viajeros a explorar y descubrir sus secretos bien guardados.<\/span><\/span><\/p>\n<p>[\/vc_column_text][\/vc_column_inner][vc_column_inner width=&#8221;1\/2&#8243;][vc_images_carousel images=&#8221;3138,3137,3136,3135,3134,3133,3132,3131,3130,3129,3128,3127,3126,3125,3124,3123,3122,3121,3120,3119,3160,3159,3158,3157,3156,3155,3154,3153,3152,3151,3150,3149,3148,3147,3146,3145,3144,3143,3142,3141,3140,3139&#8243; img_size=&#8221;full&#8221;][\/vc_column_inner][\/vc_row_inner][vc_empty_space height=&#8221;50px&#8221;][\/vc_column][\/vc_row]<\/p>\n","protected":false},"excerpt":{"rendered":"<p>[vc_row css=&#8221;.vc_custom_1540484653733{margin-bottom: 30px !important;padding-right: 30px !important;padding-left: 30px !important;background-color: #ffffff !important;}&#8221;][vc_column][vc_empty_space height=&#8221;50px&#8221;][vc_row_inner equal_height=&#8221;yes&#8221;][vc_column_inner width=&#8221;1\/2&#8243;][vc_column_text] Ponta Delgada es la encantadora capital de la isla de S\u00e3o Miguel, situada en el archipi\u00e9lago de las Azores, Portugal. Con una mezcla \u00fanica de historia, cultura y belleza natural deslumbrante, esta pintoresca ciudad es un destino imprescindible para los viajeros que [&hellip;]<\/p>\n","protected":false},"author":1,"featured_media":0,"parent":0,"menu_order":0,"comment_status":"closed","ping_status":"closed","template":"","meta":{"inline_featured_image":false,"footnotes":"","_joinchat":[]},"_links":{"self":[{"href":"https:\/\/livingpdl.pt\/es\/wp-json\/wp\/v2\/pages\/2860"}],"collection":[{"href":"https:\/\/livingpdl.pt\/es\/wp-json\/wp\/v2\/pages"}],"about":[{"href":"https:\/\/livingpdl.pt\/es\/wp-json\/wp\/v2\/types\/page"}],"author":[{"embeddable":true,"href":"https:\/\/livingpdl.pt\/es\/wp-json\/wp\/v2\/users\/1"}],"replies":[{"embeddable":true,"href":"https:\/\/livingpdl.pt\/es\/wp-json\/wp\/v2\/comments?post=2860"}],"version-history":[{"count":9,"href":"https:\/\/livingpdl.pt\/es\/wp-json\/wp\/v2\/pages\/2860\/revisions"}],"predecessor-version":[{"id":3161,"href":"https:\/\/livingpdl.pt\/es\/wp-json\/wp\/v2\/pages\/2860\/revisions\/3161"}],"wp:attachment":[{"href":"https:\/\/livingpdl.pt\/es\/wp-json\/wp\/v2\/media?parent=2860"}],"curies":[{"name":"wp","href":"https:\/\/api.w.org\/{rel}","templated":true}]}}