{"id":3050,"date":"2025-03-25T14:18:40","date_gmt":"2025-03-25T14:18:40","guid":{"rendered":"https:\/\/livingpdl.pt\/?page_id=3050"},"modified":"2026-03-24T08:38:05","modified_gmt":"2026-03-24T08:38:05","slug":"parcerias","status":"publish","type":"page","link":"https:\/\/livingpdl.pt\/es\/parcerias\/","title":{"rendered":"ASOCIACIONES"},"content":{"rendered":"<p>[vc_row][vc_column]\t\t<div class=\"homey-module module-title section-title-module text-left \">\r\n\t\t\t<h2 >Parcer\u00edas<\/h2>\r\n\r\n\t\t\t<p  class=\"sub-heading\"><\/p>\r\n\t\t<\/div>\r\n\t\t[vc_row_inner equal_height=&#8221;yes&#8221;][vc_column_inner width=&#8221;1\/3&#8243;]\t\t<div class=\"item-promo\">\r\n\t\t\t<div class=\"media\">\r\n\t\t\t\t\t\t\t\t<div class=\"item-promo-image\">\r\n\t\t\t\t\t<div class=\"item-media item-media-thumb\">\r\n\t\t\t\t\t\t<a href=\"https:\/\/autatlantis.com\">\r\n\t\t\t\t\t\t\t<img loading=\"lazy\" decoding=\"async\" width=\"209\" height=\"95\" src=\"https:\/\/livingpdl.pt\/wp-content\/uploads\/2025\/03\/image-1.png\" class=\"img-responsive\" alt=\"\" \/>\t\t\t\t\t\t<\/a>\r\n\t\t\t\t\t<\/div>\r\n\t\t\t\t<\/div>\r\n\t\t\t\t\t\t\t\t<div class=\"media-body item-body\">\r\n\t\t\t\t\t<div class=\"item-title-head\">\r\n\t\t\t\t\t\t<div class=\"text-left\">\r\n\t\t\t\t\t\t\t<h2 class=\"title\">\r\n\t\t\t\t\t\t\t\t<a href=\"https:\/\/autatlantis.com\">Autatlantis<\/a>\r\n\t\t\t\t\t\t\t<\/h2>\r\n\t\t\t\t\t\t\tDescuento del 15% para nuestros hu\u00e9spedes. Solo tiene que usar el c\u00f3digo<strong> Livingpdl#2025<\/strong> al hacer la reserva en <a href=\"https:\/\/autatlantis.com\/\" target=\"_blank\" rel=\"noopener noreferrer\">https:\/\/autatlantis.com\/<\/a>.\t\t\t\t\t\t<\/div>\r\n\t\t\t\t\t<\/div>\r\n\t\t\t\t\t\t\t\t\t<\/div>\r\n\t\t\t<\/div>\r\n\t\t<\/div>\r\n\r\n\t\t[\/vc_column_inner][vc_column_inner width=&#8221;1\/3&#8243;]\t\t<div class=\"item-promo\">\r\n\t\t\t<div class=\"media\">\r\n\t\t\t\t\t\t\t\t<div class=\"item-promo-image\">\r\n\t\t\t\t\t<div class=\"item-media item-media-thumb\">\r\n\t\t\t\t\t\t<a href=\"https:\/\/www.spavital.org\">\r\n\t\t\t\t\t\t\t<img loading=\"lazy\" decoding=\"async\" width=\"644\" height=\"385\" src=\"https:\/\/livingpdl.pt\/wp-content\/uploads\/2025\/03\/image.png\" class=\"img-responsive\" alt=\"\" srcset=\"https:\/\/livingpdl.pt\/wp-content\/uploads\/2025\/03\/image.png 644w, https:\/\/livingpdl.pt\/wp-content\/uploads\/2025\/03\/image-300x179.png 300w\" sizes=\"(max-width: 644px) 100vw, 644px\" \/>\t\t\t\t\t\t<\/a>\r\n\t\t\t\t\t<\/div>\r\n\t\t\t\t<\/div>\r\n\t\t\t\t\t\t\t\t<div class=\"media-body item-body\">\r\n\t\t\t\t\t<div class=\"item-title-head\">\r\n\t\t\t\t\t\t<div class=\"text-left\">\r\n\t\t\t\t\t\t\t<h2 class=\"title\">\r\n\t\t\t\t\t\t\t\t<a href=\"https:\/\/www.spavital.org\">SPA Vital<\/a>\r\n\t\t\t\t\t\t\t<\/h2>\r\n\t\t\t\t\t\t\tPrecio especial para los hu\u00e9spedes <a href=\"https:\/\/www.spavital.org\">https:\/\/www.spavital.org<\/a>\t\t\t\t\t\t<\/div>\r\n\t\t\t\t\t<\/div>\r\n\t\t\t\t\t\t\t\t\t<\/div>\r\n\t\t\t<\/div>\r\n\t\t<\/div>\r\n\r\n\t\t[\/vc_column_inner][vc_column_inner width=&#8221;1\/3&#8243;]\t\t<div class=\"item-promo\">\r\n\t\t\t<div class=\"media\">\r\n\t\t\t\t\t\t\t\t<div class=\"item-promo-image\">\r\n\t\t\t\t\t<div class=\"item-media item-media-thumb\">\r\n\t\t\t\t\t\t<a href=\"\">\r\n\t\t\t\t\t\t\t<img loading=\"lazy\" decoding=\"async\" width=\"870\" height=\"564\" src=\"https:\/\/livingpdl.pt\/wp-content\/uploads\/2025\/03\/image-2.png\" class=\"img-responsive\" alt=\"\" srcset=\"https:\/\/livingpdl.pt\/wp-content\/uploads\/2025\/03\/image-2.png 870w, https:\/\/livingpdl.pt\/wp-content\/uploads\/2025\/03\/image-2-300x194.png 300w, https:\/\/livingpdl.pt\/wp-content\/uploads\/2025\/03\/image-2-768x498.png 768w, https:\/\/livingpdl.pt\/wp-content\/uploads\/2025\/03\/image-2-771x500.png 771w, https:\/\/livingpdl.pt\/wp-content\/uploads\/2025\/03\/image-2-555x360.png 555w\" sizes=\"(max-width: 870px) 100vw, 870px\" \/>\t\t\t\t\t\t<\/a>\r\n\t\t\t\t\t<\/div>\r\n\t\t\t\t<\/div>\r\n\t\t\t\t\t\t\t\t<div class=\"media-body item-body\">\r\n\t\t\t\t\t<div class=\"item-title-head\">\r\n\t\t\t\t\t\t<div class=\"text-left\">\r\n\t\t\t\t\t\t\t<h2 class=\"title\">\r\n\t\t\t\t\t\t\t\t<a href=\"\">Farm\u00e1cia Vieira e Botelho<\/a>\r\n\t\t\t\t\t\t\t<\/h2>\r\n\t\t\t\t\t\t\tDescuento del 10% para nuestros hu\u00e9spedes\t\t\t\t\t\t<\/div>\r\n\t\t\t\t\t<\/div>\r\n\t\t\t\t\t\t\t\t\t<\/div>\r\n\t\t\t<\/div>\r\n\t\t<\/div>\r\n\r\n\t\t[\/vc_column_inner][\/vc_row_inner][vc_row_inner equal_height=&#8221;yes&#8221;][vc_column_inner width=&#8221;1\/3&#8243;]\t\t<div class=\"item-promo\">\r\n\t\t\t<div class=\"media\">\r\n\t\t\t\t\t\t\t\t<div class=\"item-promo-image\">\r\n\t\t\t\t\t<div class=\"item-media item-media-thumb\">\r\n\t\t\t\t\t\t<a href=\"http:\/\/www.azoresgolfislands.com\">\r\n\t\t\t\t\t\t\t<img loading=\"lazy\" decoding=\"async\" width=\"588\" height=\"330\" src=\"https:\/\/livingpdl.pt\/wp-content\/uploads\/2025\/03\/Azores-Golf-Islands-2.jpg\" class=\"img-responsive\" alt=\"\" srcset=\"https:\/\/livingpdl.pt\/wp-content\/uploads\/2025\/03\/Azores-Golf-Islands-2.jpg 588w, https:\/\/livingpdl.pt\/wp-content\/uploads\/2025\/03\/Azores-Golf-Islands-2-300x168.jpg 300w\" sizes=\"(max-width: 588px) 100vw, 588px\" \/>\t\t\t\t\t\t<\/a>\r\n\t\t\t\t\t<\/div>\r\n\t\t\t\t<\/div>\r\n\t\t\t\t\t\t\t\t<div class=\"media-body item-body\">\r\n\t\t\t\t\t<div class=\"item-title-head\">\r\n\t\t\t\t\t\t<div class=\"text-left\">\r\n\t\t\t\t\t\t\t<h2 class=\"title\">\r\n\t\t\t\t\t\t\t\t<a href=\"http:\/\/www.azoresgolfislands.com\">Azores Golf Islands<\/a>\r\n\t\t\t\t\t\t\t<\/h2>\r\n\t\t\t\t\t\t\t<\/p>\n<p class=\"v1MsoNormal\">Batalha Golf Course<br \/>\nRua do Bom Jesus, Aflitos, 9545-234 Fenais da Luz<br \/>\n(+351)\u00a0296\u00a0498\u00a0559<\/p>\n<p class=\"v1MsoNormal\">Furnas Golf Course<br \/>\nEstrada Regional do Norte, 9675-030 Furnas<br \/>\n(+351)\u00a0296\u00a0584\u00a0651<\/p>\n<p data-renderer-start-pos=\"2557\">Precios especiales para los hu\u00e9spedes (m\u00e1s informaci\u00f3n en el folleto de colaboraciones).<\/p>\n<p data-renderer-start-pos=\"2657\">Solo tienen que pedirnos que hagamos la reserva. El pago se realiza directamente en el club de golf.<\/p>\n<p>\t\t\t\t\t\t<\/div>\r\n\t\t\t\t\t<\/div>\r\n\t\t\t\t\t\t\t\t\t<\/div>\r\n\t\t\t<\/div>\r\n\t\t<\/div>\r\n\r\n\t\t[\/vc_column_inner][vc_column_inner width=&#8221;1\/3&#8243;]\t\t<div class=\"item-promo\">\r\n\t\t\t<div class=\"media\">\r\n\t\t\t\t\t\t\t\t<div class=\"item-promo-image\">\r\n\t\t\t\t\t<div class=\"item-media item-media-thumb\">\r\n\t\t\t\t\t\t<a href=\"http:\/\/www.sail4sailing.com\">\r\n\t\t\t\t\t\t\t<img loading=\"lazy\" decoding=\"async\" width=\"703\" height=\"346\" src=\"https:\/\/livingpdl.pt\/wp-content\/uploads\/2025\/03\/image-3.png\" class=\"img-responsive\" alt=\"\" srcset=\"https:\/\/livingpdl.pt\/wp-content\/uploads\/2025\/03\/image-3.png 703w, https:\/\/livingpdl.pt\/wp-content\/uploads\/2025\/03\/image-3-300x148.png 300w\" sizes=\"(max-width: 703px) 100vw, 703px\" \/>\t\t\t\t\t\t<\/a>\r\n\t\t\t\t\t<\/div>\r\n\t\t\t\t<\/div>\r\n\t\t\t\t\t\t\t\t<div class=\"media-body item-body\">\r\n\t\t\t\t\t<div class=\"item-title-head\">\r\n\t\t\t\t\t\t<div class=\"text-left\">\r\n\t\t\t\t\t\t\t<h2 class=\"title\">\r\n\t\t\t\t\t\t\t\t<a href=\"http:\/\/www.sail4sailing.com\">Sail4Sailing<\/a>\r\n\t\t\t\t\t\t\t<\/h2>\r\n\t\t\t\t\t\t\t<\/p>\n<div>\n<div>\n<p data-renderer-start-pos=\"4657\">Descuento del 7,5%<\/p>\n<p data-renderer-start-pos=\"4683\">Yate privado con patr\u00f3n; Experiencia real de navegaci\u00f3n; Parada para nadar; Snorkeling; Aperitivos y bebidas incluidos; Hasta 6 personas; Opcionalmente en nuestros paseos en velero (SUP Paddle y Men\u00fa Especial de Degustaci\u00f3n de los Azores).<\/p>\n<p data-renderer-start-pos=\"4925\">Para hacer una reserva, llame al (+351) 910026195 (WhatsApp) o env\u00ede un correo electr\u00f3nico a <a href=\"mailto:booking@sail4sailing.com\" rel=\"noreferrer\">booking@sail4sailing.com<\/a><\/p>\n<\/div>\n<\/div>\n<p>\t\t\t\t\t\t<\/div>\r\n\t\t\t\t\t<\/div>\r\n\t\t\t\t\t\t\t\t\t<\/div>\r\n\t\t\t<\/div>\r\n\t\t<\/div>\r\n\r\n\t\t[\/vc_column_inner][vc_column_inner width=&#8221;1\/3&#8243;]\t\t<div class=\"item-promo\">\r\n\t\t\t<div class=\"media\">\r\n\t\t\t\t\t\t\t\t<div class=\"item-promo-image\">\r\n\t\t\t\t\t<div class=\"item-media item-media-thumb\">\r\n\t\t\t\t\t\t<a href=\"https:\/\/basalticazores.com\">\r\n\t\t\t\t\t\t\t<img loading=\"lazy\" decoding=\"async\" width=\"747\" height=\"285\" src=\"https:\/\/livingpdl.pt\/wp-content\/uploads\/2026\/03\/Captura-de-ecra-2026-03-23-as-09.25.29.png\" class=\"img-responsive\" alt=\"\" srcset=\"https:\/\/livingpdl.pt\/wp-content\/uploads\/2026\/03\/Captura-de-ecra-2026-03-23-as-09.25.29.png 747w, https:\/\/livingpdl.pt\/wp-content\/uploads\/2026\/03\/Captura-de-ecra-2026-03-23-as-09.25.29-300x114.png 300w\" sizes=\"(max-width: 747px) 100vw, 747px\" \/>\t\t\t\t\t\t<\/a>\r\n\t\t\t\t\t<\/div>\r\n\t\t\t\t<\/div>\r\n\t\t\t\t\t\t\t\t<div class=\"media-body item-body\">\r\n\t\t\t\t\t<div class=\"item-title-head\">\r\n\t\t\t\t\t\t<div class=\"text-left\">\r\n\t\t\t\t\t\t\t<h2 class=\"title\">\r\n\t\t\t\t\t\t\t\t<a href=\"https:\/\/basalticazores.com\">Basaltic Azores Adventures<\/a>\r\n\t\t\t\t\t\t\t<\/h2>\r\n\t\t\t\t\t\t\t<\/p>\n<p data-renderer-start-pos=\"847\">DESCUENTO DEL 15\u202f% PARA HUESPEDES DEL LIVING PDL<\/p>\n<p data-renderer-start-pos=\"898\">Para hacer una reserva, visite <a class=\"_ymio1r31 _ypr0glyw _zcxs1o36 _mizu194a _1ah3dkaa _ra3xnqa1 _128mdkaa _1cvmnqa1 _4davt94y _4bfu18uv _1hms8stv _ajmmnqa1 _vchhusvi _kqswh2mm _ect4ttxp _syaz13af _1a3b18uv _4fpr8stv _5goinqa1 _f8pj13af _9oik18uv _1bnxglyw _jf4cnqa1 _30l313af _1nrm18uv _c2waglyw _1iohnqa1 _9h8h12zz _10531ra0 _1ien1ra0 _n0fx1ra0 _1vhv17z1\" title=\"https:\/\/basalticazores.com\" href=\"https:\/\/basalticazores.com\/\" data-renderer-mark=\"true\">https:\/\/basalticazores.com<\/a> y utilice el c\u00f3digo LivingPDL26 al momento de pagar<\/p>\n<p>\t\t\t\t\t\t<\/div>\r\n\t\t\t\t\t<\/div>\r\n\t\t\t\t\t\t\t\t\t<\/div>\r\n\t\t\t<\/div>\r\n\t\t<\/div>\r\n\r\n\t\t[\/vc_column_inner][\/vc_row_inner][vc_row_inner equal_height=&#8221;yes&#8221;][vc_column_inner width=&#8221;1\/3&#8243;]\t\t<div class=\"item-promo\">\r\n\t\t\t<div class=\"media\">\r\n\t\t\t\t\t\t\t\t<div class=\"item-promo-image\">\r\n\t\t\t\t\t<div class=\"item-media item-media-thumb\">\r\n\t\t\t\t\t\t<a href=\"https:\/\/www.futurismo.pt\/es\/\">\r\n\t\t\t\t\t\t\t<img loading=\"lazy\" decoding=\"async\" width=\"504\" height=\"125\" src=\"https:\/\/livingpdl.pt\/wp-content\/uploads\/2026\/03\/AAFuturismo_logo.png\" class=\"img-responsive\" alt=\"\" srcset=\"https:\/\/livingpdl.pt\/wp-content\/uploads\/2026\/03\/AAFuturismo_logo.png 504w, https:\/\/livingpdl.pt\/wp-content\/uploads\/2026\/03\/AAFuturismo_logo-300x74.png 300w\" sizes=\"(max-width: 504px) 100vw, 504px\" \/>\t\t\t\t\t\t<\/a>\r\n\t\t\t\t\t<\/div>\r\n\t\t\t\t<\/div>\r\n\t\t\t\t\t\t\t\t<div class=\"media-body item-body\">\r\n\t\t\t\t\t<div class=\"item-title-head\">\r\n\t\t\t\t\t\t<div class=\"text-left\">\r\n\t\t\t\t\t\t\t<h2 class=\"title\">\r\n\t\t\t\t\t\t\t\t<a href=\"https:\/\/www.futurismo.pt\/es\/\">Futurismo AzoresAdventures<\/a>\r\n\t\t\t\t\t\t\t<\/h2>\r\n\t\t\t\t\t\t\tDESCUENTO DEL 10\u202f%* PARA HUESPEDES DEL LIVING PDL<br \/>\n*excepto para canyoning y coasteering<\/p>\n<p>Paseos en barco \/ Avistamiento de ballenas y delfines \/ Kayak y SUP \/ Ca\u00f1onismo \/ Coasteering \/ Senderismo \/ Excursiones en jeep \/ Paseos en bicicleta<\/p>\n<p>Para hacer una reserva, visite <a href=\"https:\/\/www.futurismo.pt\/es\/\">https:\/\/www.futurismo.pt\/es\/<\/a> y introduzca el c\u00f3digo promocional livingpdl al finalizar la compra\t\t\t\t\t\t<\/div>\r\n\t\t\t\t\t<\/div>\r\n\t\t\t\t\t\t\t\t\t<\/div>\r\n\t\t\t<\/div>\r\n\t\t<\/div>\r\n\r\n\t\t[\/vc_column_inner][vc_column_inner width=&#8221;1\/3&#8243;][\/vc_column_inner][vc_column_inner width=&#8221;1\/3&#8243;][\/vc_column_inner][\/vc_row_inner][\/vc_column][\/vc_row][vc_row][vc_column]<div style=\"clear:both; width:100%; height:50px\"><\/div>\t\t<div class=\"homey-module module-title section-title-module text-center \">\r\n\t\t\t<h2 >AVISO LEGAL<\/h2>\r\n\r\n\t\t\t<p  class=\"sub-heading\"><\/p>\r\n\t\t<\/div>\r\n\t\t[vc_column_text]<\/p>\n<p data-renderer-start-pos=\"7125\">Las reservas est\u00e1n sujetas a la disponibilidad del servicio, y sus t\u00e9rminos y condiciones son establecidos por los prestadores de servicios.<\/p>\n<p data-renderer-start-pos=\"7287\">Solo proporcionamos los datos de contacto de los prestadores de servicios. Por lo tanto, los contactos y las reservas se realizan directamente entre los hu\u00e9spedes y los prestadores de servicios.<\/p>\n<p data-renderer-start-pos=\"7484\">Los precios son establecidos por los prestadores de servicios, y los pagos se realizan directamente con ellos.<\/p>\n<p data-renderer-start-pos=\"7597\">No estamos involucrados en absoluto y no asumimos ninguna responsabilidad por inconvenientes o incidentes que puedan ocurrir durante cualquier actividad.<\/p>\n<p>[\/vc_column_text]<div style=\"clear:both; width:100%; height:50px\"><\/div>[\/vc_column][\/vc_row]<\/p>\n","protected":false},"excerpt":{"rendered":"<p>[vc_row][vc_column][vc_row_inner equal_height=&#8221;yes&#8221;][vc_column_inner width=&#8221;1\/3&#8243;][\/vc_column_inner][vc_column_inner width=&#8221;1\/3&#8243;][\/vc_column_inner][vc_column_inner width=&#8221;1\/3&#8243;][\/vc_column_inner][\/vc_row_inner][vc_row_inner equal_height=&#8221;yes&#8221;][vc_column_inner width=&#8221;1\/3&#8243;][\/vc_column_inner][vc_column_inner width=&#8221;1\/3&#8243;][\/vc_column_inner][vc_column_inner width=&#8221;1\/3&#8243;][\/vc_column_inner][\/vc_row_inner][vc_row_inner equal_height=&#8221;yes&#8221;][vc_column_inner width=&#8221;1\/3&#8243;][\/vc_column_inner][vc_column_inner width=&#8221;1\/3&#8243;][\/vc_column_inner][vc_column_inner width=&#8221;1\/3&#8243;][\/vc_column_inner][\/vc_row_inner][\/vc_column][\/vc_row][vc_row][vc_column][vc_column_text] Las reservas est\u00e1n sujetas a la disponibilidad del servicio, y sus t\u00e9rminos y condiciones son establecidos por los prestadores de servicios. Solo proporcionamos los datos de contacto de los prestadores de servicios. Por lo tanto, los contactos y las reservas se realizan [&hellip;]<\/p>\n","protected":false},"author":1,"featured_media":0,"parent":0,"menu_order":0,"comment_status":"closed","ping_status":"closed","template":"template\/template-homepage.php","meta":{"inline_featured_image":false,"footnotes":"","_joinchat":[]},"_links":{"self":[{"href":"https:\/\/livingpdl.pt\/es\/wp-json\/wp\/v2\/pages\/3050"}],"collection":[{"href":"https:\/\/livingpdl.pt\/es\/wp-json\/wp\/v2\/pages"}],"about":[{"href":"https:\/\/livingpdl.pt\/es\/wp-json\/wp\/v2\/types\/page"}],"author":[{"embeddable":true,"href":"https:\/\/livingpdl.pt\/es\/wp-json\/wp\/v2\/users\/1"}],"replies":[{"embeddable":true,"href":"https:\/\/livingpdl.pt\/es\/wp-json\/wp\/v2\/comments?post=3050"}],"version-history":[{"count":14,"href":"https:\/\/livingpdl.pt\/es\/wp-json\/wp\/v2\/pages\/3050\/revisions"}],"predecessor-version":[{"id":3184,"href":"https:\/\/livingpdl.pt\/es\/wp-json\/wp\/v2\/pages\/3050\/revisions\/3184"}],"wp:attachment":[{"href":"https:\/\/livingpdl.pt\/es\/wp-json\/wp\/v2\/media?parent=3050"}],"curies":[{"name":"wp","href":"https:\/\/api.w.org\/{rel}","templated":true}]}}