{"id":2860,"date":"2025-02-24T15:52:24","date_gmt":"2025-02-24T15:52:24","guid":{"rendered":"https:\/\/livingpdl.pt\/?page_id=2860"},"modified":"2025-04-17T08:09:42","modified_gmt":"2025-04-17T08:09:42","slug":"destino","status":"publish","type":"page","link":"https:\/\/livingpdl.pt\/fr\/destino\/","title":{"rendered":"DESTINATION"},"content":{"rendered":"<p>[vc_row css=&#8221;.vc_custom_1540484653733{margin-bottom: 30px !important;padding-right: 30px !important;padding-left: 30px !important;background-color: #ffffff !important;}&#8221;][vc_column][vc_empty_space height=&#8221;50px&#8221;]\t\t<div class=\"homey-module module-title section-title-module text-left \">\r\n\t\t\t<h2 >Ponta Delgada<\/h2>\r\n\r\n\t\t\t<p  class=\"sub-heading\"><\/p>\r\n\t\t<\/div>\r\n\t\t[vc_row_inner equal_height=&#8221;yes&#8221;][vc_column_inner width=&#8221;1\/2&#8243;][vc_column_text]<\/p>\n<p align=\"justify\"><span style=\"font-family: Verdana, serif;\"><span style=\"font-size: small;\">Ponta Delgada est la charmante capitale de l&#8217;\u00eele de S\u00e3o Miguel, situ\u00e9e dans l&#8217;archipel des A\u00e7ores, au Portugal. Avec un m\u00e9lange unique d&#8217;histoire, de culture et de beaut\u00e9 naturelle \u00e9poustouflante, cette ville pittoresque est une destination incontournable pour les voyageurs cherchant \u00e0 explorer les merveilles de l&#8217;Atlantique.<\/span><\/span><\/p>\n<p align=\"justify\"><span style=\"font-family: Verdana, serif;\"><span style=\"font-size: small;\">Avec ses rues pav\u00e9es traditionnelles et son architecture historique, Ponta Delgada captive les visiteurs d\u00e8s le premier instant. Son centre historique est marqu\u00e9 par des b\u00e2timents \u00e9l\u00e9gants, des \u00e9glises anciennes et des places pittoresques, o\u00f9 l&#8217;on peut ressentir l&#8217;atmosph\u00e8re charmante et accueillante de la ville.<\/span><\/span><\/p>\n<p align=\"justify\"><span style=\"font-family: Verdana, serif;\"><span style=\"font-size: small;\">En plus de son charme historique, Ponta Delgada offre \u00e9galement une vari\u00e9t\u00e9 d&#8217;activit\u00e9s de plein air et d&#8217;aventures en pleine nature.<\/span><\/span><\/p>\n<p align=\"justify\"><span style=\"font-family: Verdana, serif;\"><span style=\"font-size: small;\">La gastronomie est une autre attraction incontournable de Ponta Delgada, avec une vari\u00e9t\u00e9 de plats traditionnels a\u00e7oriens \u00e0 savourer.<\/span><\/span><\/p>\n<p align=\"justify\"><span style=\"font-family: Verdana, serif;\"><span style=\"font-size: small;\">Avec son atmosph\u00e8re vibrante et son riche patrimoine culturel, Ponta Delgada est un joyau des A\u00e7ores qui s\u00e9duit le c\u0153ur et l&#8217;esprit de tous ceux qui la visitent.<\/span><\/span><\/p>\n<p>[\/vc_column_text][\/vc_column_inner][vc_column_inner width=&#8221;1\/2&#8243;][vc_images_carousel images=&#8221;3100,3117,3116,3115,3114,3113,3112,3111,3110,3109,3108,3107,3106,3105,3104,3103,3102,3101&#8243; img_size=&#8221;full&#8221;][\/vc_column_inner][\/vc_row_inner][\/vc_column][\/vc_row][vc_row css=&#8221;.vc_custom_1540484653733{margin-bottom: 30px !important;padding-right: 30px !important;padding-left: 30px !important;background-color: #ffffff !important;}&#8221;][vc_column][vc_empty_space height=&#8221;50px&#8221;]\t\t<div class=\"homey-module module-title section-title-module text-left \">\r\n\t\t\t<h2 >S\u00e3o Miguel<\/h2>\r\n\r\n\t\t\t<p  class=\"sub-heading\"><\/p>\r\n\t\t<\/div>\r\n\t\t[vc_row_inner equal_height=&#8221;yes&#8221;][vc_column_inner width=&#8221;1\/2&#8243;][vc_column_text]<\/p>\n<p data-start=\"43\" data-end=\"354\">L&#8217;\u00eele de S\u00e3o Miguel, aux A\u00e7ores, est un paradis naturel d&#8217;une beaut\u00e9 indescriptible. Connue sous le nom d&#8217;<strong data-start=\"149\" data-end=\"164\">&#8220;\u00eele verte&#8221;<\/strong>, S\u00e3o Miguel est la plus grande et la plus peupl\u00e9e des \u00eeles de l&#8217;archipel, offrant un m\u00e9lange unique de paysages \u00e9poustouflants, d&#8217;activit\u00e9s de plein air et d&#8217;un riche patrimoine culturel.<\/p>\n<p data-start=\"356\" data-end=\"800\">Avec une g\u00e9ographie impressionnante, S\u00e3o Miguel est un v\u00e9ritable terrain de jeu pour les amoureux de la nature. Des magnifiques lacs volcaniques, comme la <strong data-start=\"511\" data-end=\"537\">Lagoa das Sete Cidades<\/strong> et la <strong data-start=\"544\" data-end=\"561\">Lagoa do Fogo<\/strong>, aux falaises c\u00f4ti\u00e8res spectaculaires et criques isol\u00e9es, en passant par les crat\u00e8res, cascades et belv\u00e9d\u00e8res offrant des vues panoramiques \u00e0 couper le souffle, l&#8217;\u00eele propose une diversit\u00e9 de paysages qui \u00e9merveillent \u00e0 chaque tournant.<\/p>\n<p data-start=\"802\" data-end=\"1372\">Au-del\u00e0 de sa beaut\u00e9 naturelle, S\u00e3o Miguel est \u00e9galement une destination pris\u00e9e pour les activit\u00e9s de plein air. Les visiteurs peuvent explorer une vari\u00e9t\u00e9 de sentiers de randonn\u00e9e serpentant \u00e0 travers des for\u00eats luxuriantes, des champs verdoyants et des prairies pittoresques. L&#8217;\u00eele est aussi un v\u00e9ritable paradis pour les amateurs de sports nautiques, offrant d&#8217;excellentes conditions pour le surf, la plong\u00e9e, la p\u00eache et l&#8217;observation des baleines et des dauphins. Ceux qui pr\u00e9f\u00e8rent la d\u00e9tente peuvent profiter des plages de sable noir ou des piscines naturelles.<\/p>\n<p data-start=\"1374\" data-end=\"2013\">La culture a\u00e7orienne s&#8217;\u00e9panouit \u00e0 S\u00e3o Miguel, \u00e0 travers ses f\u00eates traditionnelles, sa musique folklorique et sa gastronomie unique. Les visiteurs peuvent d\u00e9guster des plats d\u00e9licieux, comme le <strong data-start=\"1567\" data-end=\"1588\">Cozido das Furnas<\/strong>, cuit dans les caldeiras volcaniques de l&#8217;\u00eele, ou savourer un repas de poisson frais et de fruits de mer dans les restaurants locaux. Avec son atmosph\u00e8re relaxante et accueillante, S\u00e3o Miguel est un refuge id\u00e9al pour ceux qui cherchent \u00e0 \u00e9chapper au stress du quotidien et \u00e0 se reconnecter avec la nature. Chaque coin de l&#8217;\u00eele r\u00e9serve une surprise, invitant les voyageurs \u00e0 explorer et \u00e0 d\u00e9couvrir ses secrets bien gard\u00e9s.<\/p>\n<p>[\/vc_column_text][\/vc_column_inner][vc_column_inner width=&#8221;1\/2&#8243;][vc_images_carousel images=&#8221;3138,3137,3136,3135,3134,3133,3132,3131,3130,3129,3128,3127,3126,3125,3124,3123,3122,3121,3120,3119,3160,3159,3158,3157,3156,3155,3154,3153,3152,3151,3150,3149,3148,3147,3146,3145,3144,3143,3142,3141,3140,3139&#8243; img_size=&#8221;full&#8221;][\/vc_column_inner][\/vc_row_inner][vc_empty_space height=&#8221;50px&#8221;][\/vc_column][\/vc_row]<\/p>\n","protected":false},"excerpt":{"rendered":"<p>[vc_row css=&#8221;.vc_custom_1540484653733{margin-bottom: 30px !important;padding-right: 30px !important;padding-left: 30px !important;background-color: #ffffff !important;}&#8221;][vc_column][vc_empty_space height=&#8221;50px&#8221;][vc_row_inner equal_height=&#8221;yes&#8221;][vc_column_inner width=&#8221;1\/2&#8243;][vc_column_text] Ponta Delgada est la charmante capitale de l&#8217;\u00eele de S\u00e3o Miguel, situ\u00e9e dans l&#8217;archipel des A\u00e7ores, au Portugal. Avec un m\u00e9lange unique d&#8217;histoire, de culture et de beaut\u00e9 naturelle \u00e9poustouflante, cette ville pittoresque est une destination incontournable pour les voyageurs cherchant \u00e0 [&hellip;]<\/p>\n","protected":false},"author":1,"featured_media":0,"parent":0,"menu_order":0,"comment_status":"closed","ping_status":"closed","template":"","meta":{"inline_featured_image":false,"footnotes":"","_joinchat":[]},"_links":{"self":[{"href":"https:\/\/livingpdl.pt\/fr\/wp-json\/wp\/v2\/pages\/2860"}],"collection":[{"href":"https:\/\/livingpdl.pt\/fr\/wp-json\/wp\/v2\/pages"}],"about":[{"href":"https:\/\/livingpdl.pt\/fr\/wp-json\/wp\/v2\/types\/page"}],"author":[{"embeddable":true,"href":"https:\/\/livingpdl.pt\/fr\/wp-json\/wp\/v2\/users\/1"}],"replies":[{"embeddable":true,"href":"https:\/\/livingpdl.pt\/fr\/wp-json\/wp\/v2\/comments?post=2860"}],"version-history":[{"count":9,"href":"https:\/\/livingpdl.pt\/fr\/wp-json\/wp\/v2\/pages\/2860\/revisions"}],"predecessor-version":[{"id":3161,"href":"https:\/\/livingpdl.pt\/fr\/wp-json\/wp\/v2\/pages\/2860\/revisions\/3161"}],"wp:attachment":[{"href":"https:\/\/livingpdl.pt\/fr\/wp-json\/wp\/v2\/media?parent=2860"}],"curies":[{"name":"wp","href":"https:\/\/api.w.org\/{rel}","templated":true}]}}