{"id":3050,"date":"2025-03-25T14:18:40","date_gmt":"2025-03-25T14:18:40","guid":{"rendered":"https:\/\/livingpdl.pt\/?page_id=3050"},"modified":"2026-03-24T08:38:05","modified_gmt":"2026-03-24T08:38:05","slug":"parcerias","status":"publish","type":"page","link":"https:\/\/livingpdl.pt\/fr\/parcerias\/","title":{"rendered":"PARTENARIATS"},"content":{"rendered":"<p>[vc_row][vc_column]\t\t<div class=\"homey-module module-title section-title-module text-left \">\r\n\t\t\t<h2 >Parcer\u00edas<\/h2>\r\n\r\n\t\t\t<p  class=\"sub-heading\"><\/p>\r\n\t\t<\/div>\r\n\t\t[vc_row_inner equal_height=&#8221;yes&#8221;][vc_column_inner width=&#8221;1\/3&#8243;]\t\t<div class=\"item-promo\">\r\n\t\t\t<div class=\"media\">\r\n\t\t\t\t\t\t\t\t<div class=\"item-promo-image\">\r\n\t\t\t\t\t<div class=\"item-media item-media-thumb\">\r\n\t\t\t\t\t\t<a href=\"https:\/\/autatlantis.com\">\r\n\t\t\t\t\t\t\t<img loading=\"lazy\" decoding=\"async\" width=\"209\" height=\"95\" src=\"https:\/\/livingpdl.pt\/wp-content\/uploads\/2025\/03\/image-1.png\" class=\"img-responsive\" alt=\"\" \/>\t\t\t\t\t\t<\/a>\r\n\t\t\t\t\t<\/div>\r\n\t\t\t\t<\/div>\r\n\t\t\t\t\t\t\t\t<div class=\"media-body item-body\">\r\n\t\t\t\t\t<div class=\"item-title-head\">\r\n\t\t\t\t\t\t<div class=\"text-left\">\r\n\t\t\t\t\t\t\t<h2 class=\"title\">\r\n\t\t\t\t\t\t\t\t<a href=\"https:\/\/autatlantis.com\">Autatlantis<\/a>\r\n\t\t\t\t\t\t\t<\/h2>\r\n\t\t\t\t\t\t\tR\u00e9duction de 15% pour nos invit\u00e9s. Il vous suffit d&#8217;utiliser le code <strong>Livingpdl#2025<\/strong> lors de la r\u00e9servation sur <a href=\"https:\/\/autatlantis.com\/\" target=\"_blank\" rel=\"noopener noreferrer\">https:\/\/autatlantis.com\/<\/a>.\t\t\t\t\t\t<\/div>\r\n\t\t\t\t\t<\/div>\r\n\t\t\t\t\t\t\t\t\t<\/div>\r\n\t\t\t<\/div>\r\n\t\t<\/div>\r\n\r\n\t\t[\/vc_column_inner][vc_column_inner width=&#8221;1\/3&#8243;]\t\t<div class=\"item-promo\">\r\n\t\t\t<div class=\"media\">\r\n\t\t\t\t\t\t\t\t<div class=\"item-promo-image\">\r\n\t\t\t\t\t<div class=\"item-media item-media-thumb\">\r\n\t\t\t\t\t\t<a href=\"https:\/\/www.spavital.org\">\r\n\t\t\t\t\t\t\t<img loading=\"lazy\" decoding=\"async\" width=\"644\" height=\"385\" src=\"https:\/\/livingpdl.pt\/wp-content\/uploads\/2025\/03\/image.png\" class=\"img-responsive\" alt=\"\" srcset=\"https:\/\/livingpdl.pt\/wp-content\/uploads\/2025\/03\/image.png 644w, https:\/\/livingpdl.pt\/wp-content\/uploads\/2025\/03\/image-300x179.png 300w\" sizes=\"(max-width: 644px) 100vw, 644px\" \/>\t\t\t\t\t\t<\/a>\r\n\t\t\t\t\t<\/div>\r\n\t\t\t\t<\/div>\r\n\t\t\t\t\t\t\t\t<div class=\"media-body item-body\">\r\n\t\t\t\t\t<div class=\"item-title-head\">\r\n\t\t\t\t\t\t<div class=\"text-left\">\r\n\t\t\t\t\t\t\t<h2 class=\"title\">\r\n\t\t\t\t\t\t\t\t<a href=\"https:\/\/www.spavital.org\">SPA Vital<\/a>\r\n\t\t\t\t\t\t\t<\/h2>\r\n\t\t\t\t\t\t\tPrix sp\u00e9cial pour les invit\u00e9s <a href=\"https:\/\/www.spavital.org\">https:\/\/www.spavital.org<\/a>\t\t\t\t\t\t<\/div>\r\n\t\t\t\t\t<\/div>\r\n\t\t\t\t\t\t\t\t\t<\/div>\r\n\t\t\t<\/div>\r\n\t\t<\/div>\r\n\r\n\t\t[\/vc_column_inner][vc_column_inner width=&#8221;1\/3&#8243;]\t\t<div class=\"item-promo\">\r\n\t\t\t<div class=\"media\">\r\n\t\t\t\t\t\t\t\t<div class=\"item-promo-image\">\r\n\t\t\t\t\t<div class=\"item-media item-media-thumb\">\r\n\t\t\t\t\t\t<a href=\"\">\r\n\t\t\t\t\t\t\t<img loading=\"lazy\" decoding=\"async\" width=\"870\" height=\"564\" src=\"https:\/\/livingpdl.pt\/wp-content\/uploads\/2025\/03\/image-2.png\" class=\"img-responsive\" alt=\"\" srcset=\"https:\/\/livingpdl.pt\/wp-content\/uploads\/2025\/03\/image-2.png 870w, https:\/\/livingpdl.pt\/wp-content\/uploads\/2025\/03\/image-2-300x194.png 300w, https:\/\/livingpdl.pt\/wp-content\/uploads\/2025\/03\/image-2-768x498.png 768w, https:\/\/livingpdl.pt\/wp-content\/uploads\/2025\/03\/image-2-771x500.png 771w, https:\/\/livingpdl.pt\/wp-content\/uploads\/2025\/03\/image-2-555x360.png 555w\" sizes=\"(max-width: 870px) 100vw, 870px\" \/>\t\t\t\t\t\t<\/a>\r\n\t\t\t\t\t<\/div>\r\n\t\t\t\t<\/div>\r\n\t\t\t\t\t\t\t\t<div class=\"media-body item-body\">\r\n\t\t\t\t\t<div class=\"item-title-head\">\r\n\t\t\t\t\t\t<div class=\"text-left\">\r\n\t\t\t\t\t\t\t<h2 class=\"title\">\r\n\t\t\t\t\t\t\t\t<a href=\"\">Farm\u00e1cia Vieira e Botelho<\/a>\r\n\t\t\t\t\t\t\t<\/h2>\r\n\t\t\t\t\t\t\tR\u00e9duction de 10% pour nos invit\u00e9s\t\t\t\t\t\t<\/div>\r\n\t\t\t\t\t<\/div>\r\n\t\t\t\t\t\t\t\t\t<\/div>\r\n\t\t\t<\/div>\r\n\t\t<\/div>\r\n\r\n\t\t[\/vc_column_inner][\/vc_row_inner][vc_row_inner equal_height=&#8221;yes&#8221;][vc_column_inner width=&#8221;1\/3&#8243;]\t\t<div class=\"item-promo\">\r\n\t\t\t<div class=\"media\">\r\n\t\t\t\t\t\t\t\t<div class=\"item-promo-image\">\r\n\t\t\t\t\t<div class=\"item-media item-media-thumb\">\r\n\t\t\t\t\t\t<a href=\"http:\/\/www.azoresgolfislands.com\">\r\n\t\t\t\t\t\t\t<img loading=\"lazy\" decoding=\"async\" width=\"588\" height=\"330\" src=\"https:\/\/livingpdl.pt\/wp-content\/uploads\/2025\/03\/Azores-Golf-Islands-2.jpg\" class=\"img-responsive\" alt=\"\" srcset=\"https:\/\/livingpdl.pt\/wp-content\/uploads\/2025\/03\/Azores-Golf-Islands-2.jpg 588w, https:\/\/livingpdl.pt\/wp-content\/uploads\/2025\/03\/Azores-Golf-Islands-2-300x168.jpg 300w\" sizes=\"(max-width: 588px) 100vw, 588px\" \/>\t\t\t\t\t\t<\/a>\r\n\t\t\t\t\t<\/div>\r\n\t\t\t\t<\/div>\r\n\t\t\t\t\t\t\t\t<div class=\"media-body item-body\">\r\n\t\t\t\t\t<div class=\"item-title-head\">\r\n\t\t\t\t\t\t<div class=\"text-left\">\r\n\t\t\t\t\t\t\t<h2 class=\"title\">\r\n\t\t\t\t\t\t\t\t<a href=\"http:\/\/www.azoresgolfislands.com\">Azores Golf Islands<\/a>\r\n\t\t\t\t\t\t\t<\/h2>\r\n\t\t\t\t\t\t\t<\/p>\n<p class=\"v1MsoNormal\">Batalha Golf Course<br \/>\nRua do Bom Jesus, Aflitos, 9545-234 Fenais da Luz<br \/>\n(+351)\u00a0296\u00a0498\u00a0559<\/p>\n<p class=\"v1MsoNormal\">Furnas Golf Course<br \/>\nEstrada Regional do Norte, 9675-030 Furnas<br \/>\n(+351)\u00a0296\u00a0584\u00a0651<\/p>\n<p data-renderer-start-pos=\"2350\">Tarifs sp\u00e9ciaux pour les invit\u00e9s (plus d&#8217;informations dans la brochure des partenariats.)<\/p>\n<p data-renderer-start-pos=\"2449\">Il vous suffit de nous demander de faire la r\u00e9servation. Le paiement se fait directement au club de golf.<\/p>\n<p>\t\t\t\t\t\t<\/div>\r\n\t\t\t\t\t<\/div>\r\n\t\t\t\t\t\t\t\t\t<\/div>\r\n\t\t\t<\/div>\r\n\t\t<\/div>\r\n\r\n\t\t[\/vc_column_inner][vc_column_inner width=&#8221;1\/3&#8243;]\t\t<div class=\"item-promo\">\r\n\t\t\t<div class=\"media\">\r\n\t\t\t\t\t\t\t\t<div class=\"item-promo-image\">\r\n\t\t\t\t\t<div class=\"item-media item-media-thumb\">\r\n\t\t\t\t\t\t<a href=\"http:\/\/www.sail4sailing.com\">\r\n\t\t\t\t\t\t\t<img loading=\"lazy\" decoding=\"async\" width=\"703\" height=\"346\" src=\"https:\/\/livingpdl.pt\/wp-content\/uploads\/2025\/03\/image-3.png\" class=\"img-responsive\" alt=\"\" srcset=\"https:\/\/livingpdl.pt\/wp-content\/uploads\/2025\/03\/image-3.png 703w, https:\/\/livingpdl.pt\/wp-content\/uploads\/2025\/03\/image-3-300x148.png 300w\" sizes=\"(max-width: 703px) 100vw, 703px\" \/>\t\t\t\t\t\t<\/a>\r\n\t\t\t\t\t<\/div>\r\n\t\t\t\t<\/div>\r\n\t\t\t\t\t\t\t\t<div class=\"media-body item-body\">\r\n\t\t\t\t\t<div class=\"item-title-head\">\r\n\t\t\t\t\t\t<div class=\"text-left\">\r\n\t\t\t\t\t\t\t<h2 class=\"title\">\r\n\t\t\t\t\t\t\t\t<a href=\"http:\/\/www.sail4sailing.com\">Sail4Sailing<\/a>\r\n\t\t\t\t\t\t\t<\/h2>\r\n\t\t\t\t\t\t\t<\/p>\n<div>\n<div>\n<p data-renderer-start-pos=\"4296\">Remise de 7,5%<\/p>\n<p data-renderer-start-pos=\"4318\">Yacht priv\u00e9 avec skipper ; Exp\u00e9rience de navigation r\u00e9elle ; Pause baignade ; Snorkeling ; Snacks et boissons inclus ; Jusqu&#8217;\u00e0 6 personnes ; En option dans nos croisi\u00e8res \u00e0 voile (SUP Paddle et Menu D\u00e9gustation Sp\u00e9cial des A\u00e7ores).<\/p>\n<p data-renderer-start-pos=\"4552\">Pour r\u00e9server, appelez le (+351) 910026195 (WhatsApp) ou envoyez un e-mail \u00e0 <a href=\"mailto:booking@sail4sailing.com\" rel=\"noreferrer\">booking@sail4sailing.com<\/a><\/p>\n<\/div>\n<\/div>\n<p>\t\t\t\t\t\t<\/div>\r\n\t\t\t\t\t<\/div>\r\n\t\t\t\t\t\t\t\t\t<\/div>\r\n\t\t\t<\/div>\r\n\t\t<\/div>\r\n\r\n\t\t[\/vc_column_inner][vc_column_inner width=&#8221;1\/3&#8243;]\t\t<div class=\"item-promo\">\r\n\t\t\t<div class=\"media\">\r\n\t\t\t\t\t\t\t\t<div class=\"item-promo-image\">\r\n\t\t\t\t\t<div class=\"item-media item-media-thumb\">\r\n\t\t\t\t\t\t<a href=\"https:\/\/basalticazores.com\">\r\n\t\t\t\t\t\t\t<img loading=\"lazy\" decoding=\"async\" width=\"747\" height=\"285\" src=\"https:\/\/livingpdl.pt\/wp-content\/uploads\/2026\/03\/Captura-de-ecra-2026-03-23-as-09.25.29.png\" class=\"img-responsive\" alt=\"\" srcset=\"https:\/\/livingpdl.pt\/wp-content\/uploads\/2026\/03\/Captura-de-ecra-2026-03-23-as-09.25.29.png 747w, https:\/\/livingpdl.pt\/wp-content\/uploads\/2026\/03\/Captura-de-ecra-2026-03-23-as-09.25.29-300x114.png 300w\" sizes=\"(max-width: 747px) 100vw, 747px\" \/>\t\t\t\t\t\t<\/a>\r\n\t\t\t\t\t<\/div>\r\n\t\t\t\t<\/div>\r\n\t\t\t\t\t\t\t\t<div class=\"media-body item-body\">\r\n\t\t\t\t\t<div class=\"item-title-head\">\r\n\t\t\t\t\t\t<div class=\"text-left\">\r\n\t\t\t\t\t\t\t<h2 class=\"title\">\r\n\t\t\t\t\t\t\t\t<a href=\"https:\/\/basalticazores.com\">Basaltic Azores Adventures<\/a>\r\n\t\t\t\t\t\t\t<\/h2>\r\n\t\t\t\t\t\t\tR\u00c9DUCTION DE 15 % POUR LES CLIENTS DU LIVING PDL<\/p>\n<p>Pour effectuer une r\u00e9servation, veuillez visiter <a href=\"https:\/\/basalticazores.com\">https:\/\/basalticazores.com<\/a> et saisir le code LivingPDL26 lors du paiement\t\t\t\t\t\t<\/div>\r\n\t\t\t\t\t<\/div>\r\n\t\t\t\t\t\t\t\t\t<\/div>\r\n\t\t\t<\/div>\r\n\t\t<\/div>\r\n\r\n\t\t[\/vc_column_inner][\/vc_row_inner][vc_row_inner equal_height=&#8221;yes&#8221;][vc_column_inner width=&#8221;1\/3&#8243;]\t\t<div class=\"item-promo\">\r\n\t\t\t<div class=\"media\">\r\n\t\t\t\t\t\t\t\t<div class=\"item-promo-image\">\r\n\t\t\t\t\t<div class=\"item-media item-media-thumb\">\r\n\t\t\t\t\t\t<a href=\"https:\/\/www.futurismo.pt\/fr\/\">\r\n\t\t\t\t\t\t\t<img loading=\"lazy\" decoding=\"async\" width=\"504\" height=\"125\" src=\"https:\/\/livingpdl.pt\/wp-content\/uploads\/2026\/03\/AAFuturismo_logo.png\" class=\"img-responsive\" alt=\"\" srcset=\"https:\/\/livingpdl.pt\/wp-content\/uploads\/2026\/03\/AAFuturismo_logo.png 504w, https:\/\/livingpdl.pt\/wp-content\/uploads\/2026\/03\/AAFuturismo_logo-300x74.png 300w\" sizes=\"(max-width: 504px) 100vw, 504px\" \/>\t\t\t\t\t\t<\/a>\r\n\t\t\t\t\t<\/div>\r\n\t\t\t\t<\/div>\r\n\t\t\t\t\t\t\t\t<div class=\"media-body item-body\">\r\n\t\t\t\t\t<div class=\"item-title-head\">\r\n\t\t\t\t\t\t<div class=\"text-left\">\r\n\t\t\t\t\t\t\t<h2 class=\"title\">\r\n\t\t\t\t\t\t\t\t<a href=\"https:\/\/www.futurismo.pt\/fr\/\">Futurismo AzoresAdventures<\/a>\r\n\t\t\t\t\t\t\t<\/h2>\r\n\t\t\t\t\t\t\tR\u00c9DUCTION DE 10%* POUR LES CLIENTS DU LIVING PDL<\/p>\n<p>*sauf pour le canyoning et le coasteering<\/p>\n<p>Excursions en bateau \/ Observation des baleines et dauphins \/ Kayak et SUP \/ Canyoning \/ Coasteering \/ Sentiers de randonn\u00e9e \/ Excursions en jeep \/ Balades \u00e0 v\u00e9lo<\/p>\n<p>Pour effectuer une r\u00e9servation, rendez-vous sur <a href=\"https:\/\/www.futurismo.pt\/fr\/\">https:\/\/www.futurismo.pt\/fr\/<\/a> et saisissez le code promotionnel livingpdl lors du paiement\t\t\t\t\t\t<\/div>\r\n\t\t\t\t\t<\/div>\r\n\t\t\t\t\t\t\t\t\t<\/div>\r\n\t\t\t<\/div>\r\n\t\t<\/div>\r\n\r\n\t\t[\/vc_column_inner][vc_column_inner width=&#8221;1\/3&#8243;][\/vc_column_inner][vc_column_inner width=&#8221;1\/3&#8243;][\/vc_column_inner][\/vc_row_inner][\/vc_column][\/vc_row][vc_row][vc_column]<div style=\"clear:both; width:100%; height:50px\"><\/div>\t\t<div class=\"homey-module module-title section-title-module text-center \">\r\n\t\t\t<h2 >VIS DE NON-RESPONSABILIT\u00c9<\/h2>\r\n\r\n\t\t\t<p  class=\"sub-heading\"><\/p>\r\n\t\t<\/div>\r\n\t\t[vc_column_text]<\/p>\n<p data-renderer-start-pos=\"6511\">Les r\u00e9servations sont soumises \u00e0 la disponibilit\u00e9 des services, et leurs termes et conditions sont fix\u00e9s par les prestataires de services.<\/p>\n<p data-renderer-start-pos=\"6684\">Nous fournissons uniquement les coordonn\u00e9es des prestataires de services. Ainsi, les contacts et les r\u00e9servations se font directement entre les invit\u00e9s et les prestataires de services.<\/p>\n<p data-renderer-start-pos=\"6871\">Les prix sont fix\u00e9s par les prestataires de services, et les paiements se font directement avec eux.<\/p>\n<p data-renderer-start-pos=\"6974\">Nous sommes totalement ind\u00e9pendants et d\u00e9clinons toute responsabilit\u00e9 en cas d&#8217;inconv\u00e9nients ou d&#8217;incidents pouvant survenir lors de toute activit\u00e9.<\/p>\n<p>[\/vc_column_text]<div style=\"clear:both; width:100%; height:50px\"><\/div>[\/vc_column][\/vc_row]<\/p>\n","protected":false},"excerpt":{"rendered":"<p>[vc_row][vc_column][vc_row_inner equal_height=&#8221;yes&#8221;][vc_column_inner width=&#8221;1\/3&#8243;][\/vc_column_inner][vc_column_inner width=&#8221;1\/3&#8243;][\/vc_column_inner][vc_column_inner width=&#8221;1\/3&#8243;][\/vc_column_inner][\/vc_row_inner][vc_row_inner equal_height=&#8221;yes&#8221;][vc_column_inner width=&#8221;1\/3&#8243;][\/vc_column_inner][vc_column_inner width=&#8221;1\/3&#8243;][\/vc_column_inner][vc_column_inner width=&#8221;1\/3&#8243;][\/vc_column_inner][\/vc_row_inner][vc_row_inner equal_height=&#8221;yes&#8221;][vc_column_inner width=&#8221;1\/3&#8243;][\/vc_column_inner][vc_column_inner width=&#8221;1\/3&#8243;][\/vc_column_inner][vc_column_inner width=&#8221;1\/3&#8243;][\/vc_column_inner][\/vc_row_inner][\/vc_column][\/vc_row][vc_row][vc_column][vc_column_text] Les r\u00e9servations sont soumises \u00e0 la disponibilit\u00e9 des services, et leurs termes et conditions sont fix\u00e9s par les prestataires de services. Nous fournissons uniquement les coordonn\u00e9es des prestataires de services. Ainsi, les contacts et les r\u00e9servations se font directement entre les invit\u00e9s [&hellip;]<\/p>\n","protected":false},"author":1,"featured_media":0,"parent":0,"menu_order":0,"comment_status":"closed","ping_status":"closed","template":"template\/template-homepage.php","meta":{"inline_featured_image":false,"footnotes":"","_joinchat":[]},"_links":{"self":[{"href":"https:\/\/livingpdl.pt\/fr\/wp-json\/wp\/v2\/pages\/3050"}],"collection":[{"href":"https:\/\/livingpdl.pt\/fr\/wp-json\/wp\/v2\/pages"}],"about":[{"href":"https:\/\/livingpdl.pt\/fr\/wp-json\/wp\/v2\/types\/page"}],"author":[{"embeddable":true,"href":"https:\/\/livingpdl.pt\/fr\/wp-json\/wp\/v2\/users\/1"}],"replies":[{"embeddable":true,"href":"https:\/\/livingpdl.pt\/fr\/wp-json\/wp\/v2\/comments?post=3050"}],"version-history":[{"count":14,"href":"https:\/\/livingpdl.pt\/fr\/wp-json\/wp\/v2\/pages\/3050\/revisions"}],"predecessor-version":[{"id":3184,"href":"https:\/\/livingpdl.pt\/fr\/wp-json\/wp\/v2\/pages\/3050\/revisions\/3184"}],"wp:attachment":[{"href":"https:\/\/livingpdl.pt\/fr\/wp-json\/wp\/v2\/media?parent=3050"}],"curies":[{"name":"wp","href":"https:\/\/api.w.org\/{rel}","templated":true}]}}