{"id":2860,"date":"2025-02-24T15:52:24","date_gmt":"2025-02-24T15:52:24","guid":{"rendered":"https:\/\/livingpdl.pt\/?page_id=2860"},"modified":"2025-04-17T08:09:42","modified_gmt":"2025-04-17T08:09:42","slug":"destino","status":"publish","type":"page","link":"https:\/\/livingpdl.pt\/it\/destino\/","title":{"rendered":"DESTINAZIONE"},"content":{"rendered":"<p>[vc_row css=&#8221;.vc_custom_1540484653733{margin-bottom: 30px !important;padding-right: 30px !important;padding-left: 30px !important;background-color: #ffffff !important;}&#8221;][vc_column][vc_empty_space height=&#8221;50px&#8221;]\t\t<div class=\"homey-module module-title section-title-module text-left \">\r\n\t\t\t<h2 >Ponta Delgada<\/h2>\r\n\r\n\t\t\t<p  class=\"sub-heading\"><\/p>\r\n\t\t<\/div>\r\n\t\t[vc_row_inner equal_height=&#8221;yes&#8221;][vc_column_inner width=&#8221;1\/2&#8243;][vc_column_text]<\/p>\n<p align=\"justify\"><span style=\"font-family: Verdana, serif;\"><span style=\"font-size: small;\">Ponta Delgada \u00e8 la affascinante capitale dell&#8217;isola di S\u00e3o Miguel, situata nell&#8217;arcipelago delle Azzorre, in Portogallo. Con una miscela unica di storia, cultura e bellezza naturale mozzafiato, questa pittoresca citt\u00e0 \u00e8 una destinazione imperdibile per i viaggiatori che desiderano esplorare le meraviglie dell&#8217;Atlantico.<\/span><\/span><\/p>\n<p align=\"justify\"><span style=\"font-family: Verdana, serif;\"><span style=\"font-size: small;\">Con le sue tradizionali strade lastricate e l&#8217;architettura storica, Ponta Delgada affascina i visitatori fin dal primo momento. Il suo centro storico \u00e8 caratterizzato da edifici eleganti, chiese antiche e piazze pittoresche, dove si pu\u00f2 percepire l&#8217;atmosfera affascinante e accogliente della citt\u00e0.<\/span><\/span><\/p>\n<p align=\"justify\"><span style=\"font-family: Verdana, serif;\"><span style=\"font-size: small;\">Oltre al suo fascino storico, Ponta Delgada offre anche una variet\u00e0 di attivit\u00e0 all&#8217;aria aperta e avventure nella natura.<\/span><\/span><\/p>\n<p align=\"justify\"><span style=\"font-family: Verdana, serif;\"><span style=\"font-size: small;\">La gastronomia \u00e8 un&#8217;altra attrazione da non perdere a Ponta Delgada, con una variet\u00e0 di piatti tradizionali azzorriani da assaporare.<\/span><\/span><\/p>\n<p align=\"justify\"><span style=\"font-family: Verdana, serif;\"><span style=\"font-size: small;\">Con la sua atmosfera vivace e il suo ricco patrimonio culturale, Ponta Delgada \u00e8 una gemma delle Azzorre che conquista il cuore e la mente di tutti coloro che la visitano.<\/span><\/span><\/p>\n<p>[\/vc_column_text][\/vc_column_inner][vc_column_inner width=&#8221;1\/2&#8243;][vc_images_carousel images=&#8221;3100,3101,3102,3103,3104,3105,3106,3107,3108,3109,3110,3111,3112,3113,3114,3115,3116,3117&#8243; img_size=&#8221;full&#8221;][\/vc_column_inner][\/vc_row_inner][\/vc_column][\/vc_row][vc_row css=&#8221;.vc_custom_1540484653733{margin-bottom: 30px !important;padding-right: 30px !important;padding-left: 30px !important;background-color: #ffffff !important;}&#8221;][vc_column][vc_empty_space height=&#8221;50px&#8221;]\t\t<div class=\"homey-module module-title section-title-module text-left \">\r\n\t\t\t<h2 >S\u00e3o Miguel<\/h2>\r\n\r\n\t\t\t<p  class=\"sub-heading\"><\/p>\r\n\t\t<\/div>\r\n\t\t[vc_row_inner equal_height=&#8221;yes&#8221;][vc_column_inner width=&#8221;1\/2&#8243;][vc_column_text]<\/p>\n<p align=\"justify\"><span style=\"font-family: Verdana, serif;\"><span style=\"font-size: small;\">L&#8217;isola di S\u00e3o Miguel, nelle Azzorre, \u00e8 un paradiso naturale di bellezza indescrivibile. Conosciuta come &#8220;l&#8217;isola verde&#8221;, S\u00e3o Miguel \u00e8 l&#8217;isola pi\u00f9 grande e popolosa dell&#8217;arcipelago, offrendo una combinazione unica di paesaggi mozzafiato, attivit\u00e0 all&#8217;aria aperta e un ricco patrimonio culturale.<\/span><\/span><\/p>\n<p align=\"justify\"><span style=\"font-family: Verdana, serif;\"><span style=\"font-size: small;\">Con la sua geografia impressionante, S\u00e3o Miguel \u00e8 un vero e proprio parco giochi per gli amanti della natura. Dalle magnifiche lagune vulcaniche, come la Lagoa das Sete Cidades e la Lagoa do Fogo, alle sue impressionanti scogliere costiere e calette isolate, crateri, cascate e punti panoramici con viste mozzafiato, l&#8217;isola offre una variet\u00e0 di scenari che sorprendono ad ogni curva del percorso.<\/span><\/span><\/p>\n<p align=\"justify\"><span style=\"font-family: Verdana, serif;\"><span style=\"font-size: small;\">Oltre alla sua bellezza naturale, S\u00e3o Miguel \u00e8 anche una meta popolare per le attivit\u00e0 all&#8217;aperto. I visitatori possono esplorare una variet\u00e0 di sentieri che si snodano attraverso foreste lussureggianti, campi verdi e pittoreschi pascoli. L&#8217;isola \u00e8 anche un paradiso per gli appassionati di sport acquatici, offrendo ottime condizioni per il surf, le immersioni, la pesca e l&#8217;osservazione di balene e delfini, o semplicemente per rilassarsi sulle spiagge di sabbia nera o nelle piscine naturali.<\/span><\/span><\/p>\n<p align=\"justify\"><span style=\"font-family: Verdana, serif;\"><span style=\"font-size: small;\">La cultura azzorriana fiorisce a S\u00e3o Miguel, evidente nelle sue feste tradizionali, nella musica folcloristica e nella gastronomia unica. I visitatori possono gustare piatti deliziosi come il &#8220;cozido das Furnas&#8221;, preparato nelle caldaie vulcaniche dell&#8217;isola, o godersi un pasto a base di pesce fresco e frutti di mare nei ristoranti locali. Con la sua atmosfera rilassante e accogliente, S\u00e3o Miguel \u00e8 il rifugio perfetto per chi cerca di sfuggire allo stress della vita quotidiana e riconnettersi con la natura. Ogni angolo dell&#8217;isola nasconde una sorpresa, invitando i viaggiatori a esplorare e scoprire i suoi segreti meglio custoditi.<\/span><\/span><\/p>\n<p>[\/vc_column_text][\/vc_column_inner][vc_column_inner width=&#8221;1\/2&#8243;][vc_images_carousel images=&#8221;3138,3137,3136,3135,3134,3133,3132,3131,3130,3129,3128,3127,3126,3125,3124,3123,3122,3121,3120,3119,3160,3159,3158,3157,3156,3155,3154,3153,3152,3151,3150,3149,3148,3147,3146,3145,3144,3143,3142,3141,3140,3139&#8243; img_size=&#8221;full&#8221;][\/vc_column_inner][\/vc_row_inner][vc_empty_space height=&#8221;50px&#8221;][\/vc_column][\/vc_row]<\/p>\n","protected":false},"excerpt":{"rendered":"<p>[vc_row css=&#8221;.vc_custom_1540484653733{margin-bottom: 30px !important;padding-right: 30px !important;padding-left: 30px !important;background-color: #ffffff !important;}&#8221;][vc_column][vc_empty_space height=&#8221;50px&#8221;][vc_row_inner equal_height=&#8221;yes&#8221;][vc_column_inner width=&#8221;1\/2&#8243;][vc_column_text] Ponta Delgada \u00e8 la affascinante capitale dell&#8217;isola di S\u00e3o Miguel, situata nell&#8217;arcipelago delle Azzorre, in Portogallo. Con una miscela unica di storia, cultura e bellezza naturale mozzafiato, questa pittoresca citt\u00e0 \u00e8 una destinazione imperdibile per i viaggiatori che desiderano esplorare le meraviglie [&hellip;]<\/p>\n","protected":false},"author":1,"featured_media":0,"parent":0,"menu_order":0,"comment_status":"closed","ping_status":"closed","template":"","meta":{"inline_featured_image":false,"footnotes":"","_joinchat":[]},"_links":{"self":[{"href":"https:\/\/livingpdl.pt\/it\/wp-json\/wp\/v2\/pages\/2860"}],"collection":[{"href":"https:\/\/livingpdl.pt\/it\/wp-json\/wp\/v2\/pages"}],"about":[{"href":"https:\/\/livingpdl.pt\/it\/wp-json\/wp\/v2\/types\/page"}],"author":[{"embeddable":true,"href":"https:\/\/livingpdl.pt\/it\/wp-json\/wp\/v2\/users\/1"}],"replies":[{"embeddable":true,"href":"https:\/\/livingpdl.pt\/it\/wp-json\/wp\/v2\/comments?post=2860"}],"version-history":[{"count":9,"href":"https:\/\/livingpdl.pt\/it\/wp-json\/wp\/v2\/pages\/2860\/revisions"}],"predecessor-version":[{"id":3161,"href":"https:\/\/livingpdl.pt\/it\/wp-json\/wp\/v2\/pages\/2860\/revisions\/3161"}],"wp:attachment":[{"href":"https:\/\/livingpdl.pt\/it\/wp-json\/wp\/v2\/media?parent=2860"}],"curies":[{"name":"wp","href":"https:\/\/api.w.org\/{rel}","templated":true}]}}